{"id":1968,"date":"2025-05-20T10:12:46","date_gmt":"2025-05-20T10:12:46","guid":{"rendered":"https:\/\/car-clean-service.ch\/schutz-der-daten\/"},"modified":"2025-11-12T14:57:01","modified_gmt":"2025-11-12T14:57:01","slug":"schutz-der-daten","status":"publish","type":"page","link":"https:\/\/car-clean-service.ch\/de\/schutz-der-daten\/","title":{"rendered":"Datenschutz"},"content":{"rendered":"\t\t<div data-elementor-type=\"wp-page\" data-elementor-id=\"1968\" class=\"elementor elementor-1968 elementor-1706\" data-elementor-settings=\"{&quot;element_pack_global_tooltip_width&quot;:{&quot;unit&quot;:&quot;px&quot;,&quot;size&quot;:&quot;&quot;,&quot;sizes&quot;:[]},&quot;element_pack_global_tooltip_width_tablet&quot;:{&quot;unit&quot;:&quot;px&quot;,&quot;size&quot;:&quot;&quot;,&quot;sizes&quot;:[]},&quot;element_pack_global_tooltip_width_mobile&quot;:{&quot;unit&quot;:&quot;px&quot;,&quot;size&quot;:&quot;&quot;,&quot;sizes&quot;:[]},&quot;element_pack_global_tooltip_padding&quot;:{&quot;unit&quot;:&quot;px&quot;,&quot;top&quot;:&quot;&quot;,&quot;right&quot;:&quot;&quot;,&quot;bottom&quot;:&quot;&quot;,&quot;left&quot;:&quot;&quot;,&quot;isLinked&quot;:true},&quot;element_pack_global_tooltip_padding_tablet&quot;:{&quot;unit&quot;:&quot;px&quot;,&quot;top&quot;:&quot;&quot;,&quot;right&quot;:&quot;&quot;,&quot;bottom&quot;:&quot;&quot;,&quot;left&quot;:&quot;&quot;,&quot;isLinked&quot;:true},&quot;element_pack_global_tooltip_padding_mobile&quot;:{&quot;unit&quot;:&quot;px&quot;,&quot;top&quot;:&quot;&quot;,&quot;right&quot;:&quot;&quot;,&quot;bottom&quot;:&quot;&quot;,&quot;left&quot;:&quot;&quot;,&quot;isLinked&quot;:true},&quot;element_pack_global_tooltip_border_radius&quot;:{&quot;unit&quot;:&quot;px&quot;,&quot;top&quot;:&quot;&quot;,&quot;right&quot;:&quot;&quot;,&quot;bottom&quot;:&quot;&quot;,&quot;left&quot;:&quot;&quot;,&quot;isLinked&quot;:true},&quot;element_pack_global_tooltip_border_radius_tablet&quot;:{&quot;unit&quot;:&quot;px&quot;,&quot;top&quot;:&quot;&quot;,&quot;right&quot;:&quot;&quot;,&quot;bottom&quot;:&quot;&quot;,&quot;left&quot;:&quot;&quot;,&quot;isLinked&quot;:true},&quot;element_pack_global_tooltip_border_radius_mobile&quot;:{&quot;unit&quot;:&quot;px&quot;,&quot;top&quot;:&quot;&quot;,&quot;right&quot;:&quot;&quot;,&quot;bottom&quot;:&quot;&quot;,&quot;left&quot;:&quot;&quot;,&quot;isLinked&quot;:true}}\">\n\t\t\t\t\t\t<section class=\"elementor-section elementor-top-section elementor-element elementor-element-b7369fd elementor-section-boxed elementor-section-height-default elementor-section-height-default\" data-id=\"b7369fd\" data-element_type=\"section\" data-settings=\"{&quot;background_background&quot;:&quot;classic&quot;}\">\n\t\t\t\t\t\t<div class=\"elementor-container elementor-column-gap-default\">\n\t\t\t\t\t<div class=\"elementor-column elementor-col-100 elementor-top-column elementor-element elementor-element-0b601eb\" data-id=\"0b601eb\" data-element_type=\"column\">\n\t\t\t<div class=\"elementor-widget-wrap elementor-element-populated\">\n\t\t\t\t\t\t<div class=\"elementor-element elementor-element-81dc764 elementor-widget elementor-widget-text-editor\" data-id=\"81dc764\" data-element_type=\"widget\" data-widget_type=\"text-editor.default\">\n\t\t\t\t<div class=\"elementor-widget-container\">\n\t\t\t\t\t\t\t\t\t<h4><strong>Datenschutz<\/strong><\/h4>\n<p>Auf der Grundlage von Artikel 13 der Bundesverfassung und der bundesrechtlichen Bestimmungen zum Datenschutz hat jeder Mensch das Recht auf Schutz seiner Privatsph\u00e4re sowie auf Schutz vor Missbrauch seiner Daten.<\/p>\n<p>In enger Zusammenarbeit mit unserem Hosting-Anbieter bem\u00fchen wir uns, die Datenbanken im Rahmen des M\u00f6glichen vor Fremdzugriff, Datenverlust, Missbrauch oder F\u00e4lschung zu sch\u00fctzen.<\/p>\n<p>Bei einem Zugriff auf unsere Website werden folgende Daten in Logfiles gespeichert: IP-Adresse, Datum, Uhrzeit, Browser-Anfrage und allgemeine Informationen \u00fcber Betriebssystem und Browser. Diese Nutzungsdaten dienen allgemeinen statistischen Auswertungen, um Trends zu erkennen, damit wir die von uns bereitgestellten Informationen verbessern k\u00f6nnen. <\/p>\n<p>Als personenbezogene Daten gelten alle Informationen, die sich auf eine identifizierte oder identifizierbare Person beziehen. Dazu geh\u00f6ren insbesondere Informationen wie Name, Adresse, Telefonnummer, E-Mail-Adresse und ggf. IP-Adressen sowie Ger\u00e4te-IDs. <\/p>\n<p>Soweit wir in diesem Zusammenhang personenbezogene Daten verarbeiten, geschieht dies auf der Grundlage unseres Interesses an der Bereitstellung der Website, an der bestm\u00f6glichen Nutzererfahrung f\u00fcr Sie und an der Gew\u00e4hrleistung der Sicherheit und Stabilit\u00e4t unserer Systeme.<\/p>\n<p>Wenn Sie die Anmelde-, Bestell- oder Kontaktformulare auf unserer Website verwenden oder sich telefonisch \u00fcber unsere Angebote und Dienstleistungen informieren, erheben wir Ihre Kontaktdaten und andere vertraglich relevante personenbezogene Daten. Wir erheben und verarbeiten diese personenbezogenen Daten zum Zweck der Bereitstellung von Dienstleistungen und Informationen \u00fcber unsere Dienstleistungen. <\/p>\n<p>Wenn Sie es w\u00fcnschen, stellen wir Ihnen kommerzielle Informationen zur Verf\u00fcgung (z. B. \u00fcber Newsletter). Es liegt in unserem Interesse, Ihnen Marketinginformationen zu senden, um Sie \u00fcber neue Entwicklungen sowie Dienstleistungen und Angebote zu informieren. Sie haben jederzeit die M\u00f6glichkeit, zu verlangen, dass Sie solche Informationen nicht mehr erhalten.  <\/p>\n<p>Die Daten werden ausschlie\u00dflich f\u00fcr den Versand des Newsletters (einschlie\u00dflich etwaiger \u00c4nderungen des Newsletter-Angebots oder der technischen Bedingungen im Zusammenhang mit dem Newsletter-Angebot) verwendet und nicht an Dritte weitergegeben.<\/p>\n<p>Google Analytics \/ Cookies<br>Unsere Website benutzt Google Analytics, einen Webanalysedienst der Google Inc. Google Analytics verwendet sog. \u201eCookies\u201c, Textdateien, die auf Ihrem Computer gespeichert werden und die eine Analyse der Benutzung der Website durch Sie erm\u00f6glicht. Die von den Cookies erzeugten Informationen \u00fcber Ihre Nutzung der Website werden in der Regel an einen Server von Google in den USA \u00fcbertragen und dort gespeichert. Aufgrund der Aktivierung der IP-Anonymisierung auf unseren Webseiten wird Ihre IP-Adresse von Google jedoch innerhalb von Mitgliedstaaten der Europ\u00e4ischen Union oder in anderen Vertragsstaaten des Abkommens \u00fcber den Europ\u00e4ischen Wirtschaftsraum zuvor gek\u00fcrzt. Nur in Ausnahmef\u00e4llen wird die volle IP-Adresse an einen Server von Google in den USA \u00fcbertragen und dort gek\u00fcrzt. Im Auftrag des Betreibers dieser Webseite wird Google diese Informationen benutzen, um Ihre Nutzung der Webseite auszuwerten, um Reports \u00fcber die Webseitenaktivit\u00e4ten zusammenzustellen und um weitere mit der Webseitennutzung und der Internetnutzung verbundene Dienstleistungen gegen\u00fcber dem Webseitenbetreiber zu erbringen. Die im Rahmen von Google Analytics von Ihrem Browser \u00fcbermittelte IP-Adresse wird nicht mit anderen Daten von Google zusammengef\u00fchrt.      <\/p>\n<p>Sie k\u00f6nnen die Verwendung von Cookies ablehnen, indem Sie die entsprechenden Einstellungen in Ihrem Browser w\u00e4hlen. Bitte beachten Sie jedoch, dass Sie in diesem Fall m\u00f6glicherweise nicht alle Funktionen unserer Website nutzen k\u00f6nnen.<\/p>\n<p>XING-Plugins (XING Share-Button)<br>Unser Internetauftritt verwendet Plugins des sozialen Netzwerks XING AG, Dammtorstra\u00dfe 29-32, 20354 Hamburg, Deutschland. Auf unserer Webseite sind diese Plugins durch ein XING-Logo oder den \u201eXING Share-Button\u201c (\u201eXING Profil\u201c) erkennbar. <\/p>\n<p>Wenn Sie Ihr XING-Konto er\u00f6ffnet haben und auf den \u201eXING Share-Button\u201c (\u201eXING-Profil\u201c) klicken, k\u00f6nnen Sie die Inhalte unserer Seite mit Ihrem XING-Profil verlinken. Wir weisen darauf hin, dass wir als Anbieter der Seite keine Kenntnis vom Inhalt der \u00fcbermittelten Daten sowie deren Nutzung durch XING erhalten. <\/p>\n<p>Wenn Sie nicht w\u00fcnschen, dass XING den Besuch unserer Seiten Ihrem XING-Nutzerkonto zuordnen kann, loggen Sie sich bitte aus Ihrem XING-Benutzerkonto aus.<\/p>\n<p>Facebook (Like-Button) Unsere Website verwendet Plugins des sozialen Netzwerks Facebook, 1601 South California Avenue, Palo Alto, CA 94304, USA.Die Plugins sind auf unserer Seite durch ein Facebook-Logo oder den sogenannten \u201eLike-Button\u201c (Gef\u00e4llt mir&#8220;-Schaltfl\u00e4che) erkennbar. <\/p>\n<p>Wenn Sie eine Seite unserer Website aufrufen, die ein Facebook-Plugin enth\u00e4lt, baut Ihr Browser eine direkte Verbindung mit den Servern von Facebook auf.Facebook erh\u00e4lt dadurch die Information, dass Sie mit Ihrer IP-Adresse unsere Seite besucht haben. Wenn Sie auf den \u201eGef\u00e4llt mir\u201c-Button klicken, w\u00e4hrend Sie in Ihrem Facebook-Konto eingeloggt sind, ist es m\u00f6glich, unsere Seite auf Ihrem Facebook-Profil zu verlinken. Auf diese Weise kann Facebook den Besuch unserer Seite Ihrem Konto zuordnen. Wir weisen darauf hin, dass wir als Anbieter der Seite keine Kenntnis vom Inhalt der \u00fcbermittelten Daten sowie deren Nutzung durch Facebook erhalten.    <\/p>\n<p>Wenn du nicht m\u00f6chtest, dass Facebook den Besuch unserer Seite mit deinem Facebook-Konto verkn\u00fcpft, musst du dich vor deinem Besuch unserer Seite aus deinem Facebook-Profil ausloggen.<\/p>\n<p>X (fr\u00fcher Twitter)<br>Unsere Website nutzt Funktionen des Dienstes X. Diese Funktionen werden von Twitter Inc., 795 Folsom St., Suite 600, San Francisco, CA 94107, USA, angeboten. Durch die Nutzung von X und der Funktion \u201eRe-Tweet\u201c k\u00f6nnen besuchte Webseiten mit Ihrem X-Konto verkn\u00fcpft und mit anderen Nutzern geteilt werden. So werden auch Daten wie IP-Adresse, Browsertyp, aufgerufene Seiten und Domains, Mobilfunkanbieter, Ger\u00e4te- und Anwendungskennungen sowie Suchbegriffe an X \u00fcbermittelt.<\/p>\n<p>Wir weisen darauf hin, dass wir als Anbieter der Website keine Kenntnis vom Inhalt der \u00fcbermittelten Daten sowie deren Nutzung durch X haben.<\/p>\n<p>Linkedin<br>Unsere Website nutzt Funktionen des Dienstes Linkedin. Diese Funktionen werden von der LinkedIn Corporation, 2029 Stierlin Court, Mountain View, California 94043, USA, angeboten. Die Nutzung von Linkedin und der Funktionen erm\u00f6glicht es, die besuchten Websites mit Ihrem Linkedin-Konto zu verkn\u00fcpfen und sie mit anderen Nutzern zu teilen. So werden auch Daten wie IP-Adresse, Browsertyp, besuchte Seiten und Domains, Mobilfunkanbieter, Ger\u00e4te- und Anwendungskennungen sowie Suchbegriffe an Linkedin \u00fcbermittelt.   <\/p>\n<p>Wir weisen darauf hin, dass wir als Anbieter der Seite keine Kenntnis vom Inhalt der \u00fcbermittelten Daten sowie deren Nutzung durch Linkedin haben.<\/p>\n<p>Wenn Sie nicht m\u00f6chten, dass Linkedin den Besuch unserer Website mit Ihrem Linkedin-Konto verkn\u00fcpft, m\u00fcssen Sie sich vor Ihrem Besuch unserer Website aus Ihrem Linkedin-Profil ausloggen.<\/p>\n<p>Instagram<br>Unsere Website nutzt Funktionen des Dienstes Instagram. Diese Funktionen werden von Instagram, LLC angeboten. Die Nutzung von Instagram und der Funktionen erm\u00f6glicht es, die besuchten Webseiten mit Ihrem Linedin-Konto zu verkn\u00fcpfen und mit anderen Nutzern zu teilen. So werden auch Daten wie IP-Adresse, Browsertyp, besuchte Seiten und Domains, Mobilfunkanbieter, Ger\u00e4te- und Anwendungskennungen sowie Suchbegriffe an Instagram \u00fcbermittelt.   <\/p>\n<p>Wir weisen darauf hin, dass wir als Anbieter der Seite keine Kenntnis vom Inhalt der \u00fcbermittelten Daten sowie deren Nutzung durch Instagram erhalten.<\/p>\n<p>Wenn du nicht m\u00f6chtest, dass Instagram den Besuch unserer Seite mit deinem Instagram-Konto verkn\u00fcpft, musst du dich vor deinem Besuch unserer Seite aus deinem Instagram-Profil ausloggen.<\/p>\n<p>YouTube-Videos<br>Auf einigen unserer Websites binden wir YouTube-Videos ein. YouTube, LLC, 901 Cherry Ave, San Bruno, CA 94066, USA ist der Betreiber der entsprechenden Plugins. Wenn Sie eine Seite mit dem YouTube-Plugin besuchen, wird eine Verbindung zu den Servern von YouTube hergestellt. Youtube wird \u00fcber die von Ihnen besuchten Seiten informiert. Wenn Sie in Ihrem YouTube-Konto angemeldet sind, kann YouTube Ihr Surfverhalten Ihnen pers\u00f6nlich zuordnen.<\/p>\n<p>Sie k\u00f6nnen dies verhindern, indem Sie sich vorher aus Ihrem YouTube-Konto ausloggen.<\/p>\n<p>Datenschutz<br>Wir behalten uns vor, diese Datenschutzerkl\u00e4rung anzupassen, damit sie stets den geltenden gesetzlichen Anforderungen entspricht oder \u00c4nderungen unserer Dienstleistungen in der Datenschutzerkl\u00e4rung Rechnung zu tragen. Es gilt die aktuelle, auf unserer Website ver\u00f6ffentlichte Fassung.<\/p>\t\t\t\t\t\t\t\t<\/div>\n\t\t\t\t<\/div>\n\t\t\t\t\t<\/div>\n\t\t<\/div>\n\t\t\t\t\t<\/div>\n\t\t<\/section>\n\t\t\t\t<\/div>\n\t\t","protected":false},"excerpt":{"rendered":"<p>Datenschutz Auf der Grundlage von Artikel 13 der Bundesverfassung und der bundesrechtlichen Bestimmungen zum Datenschutz hat jeder Mensch das Recht auf Schutz [&hellip;]<\/p>\n","protected":false},"author":1,"featured_media":0,"parent":0,"menu_order":0,"comment_status":"closed","ping_status":"closed","template":"","meta":{"_acf_changed":false,"footnotes":""},"class_list":["post-1968","page","type-page","status-publish","hentry"],"acf":[],"_links":{"self":[{"href":"https:\/\/car-clean-service.ch\/de\/wp-json\/wp\/v2\/pages\/1968","targetHints":{"allow":["GET"]}}],"collection":[{"href":"https:\/\/car-clean-service.ch\/de\/wp-json\/wp\/v2\/pages"}],"about":[{"href":"https:\/\/car-clean-service.ch\/de\/wp-json\/wp\/v2\/types\/page"}],"author":[{"embeddable":true,"href":"https:\/\/car-clean-service.ch\/de\/wp-json\/wp\/v2\/users\/1"}],"replies":[{"embeddable":true,"href":"https:\/\/car-clean-service.ch\/de\/wp-json\/wp\/v2\/comments?post=1968"}],"version-history":[{"count":3,"href":"https:\/\/car-clean-service.ch\/de\/wp-json\/wp\/v2\/pages\/1968\/revisions"}],"predecessor-version":[{"id":2210,"href":"https:\/\/car-clean-service.ch\/de\/wp-json\/wp\/v2\/pages\/1968\/revisions\/2210"}],"wp:attachment":[{"href":"https:\/\/car-clean-service.ch\/de\/wp-json\/wp\/v2\/media?parent=1968"}],"curies":[{"name":"wp","href":"https:\/\/api.w.org\/{rel}","templated":true}]}}