{"id":1964,"date":"2025-04-09T14:23:18","date_gmt":"2025-04-09T14:23:18","guid":{"rendered":"https:\/\/car-clean-service.ch\/impressum\/"},"modified":"2025-05-21T12:06:45","modified_gmt":"2025-05-21T12:06:45","slug":"impressum","status":"publish","type":"page","link":"https:\/\/car-clean-service.ch\/de\/impressum\/","title":{"rendered":"Impressum"},"content":{"rendered":"\t\t<div data-elementor-type=\"wp-page\" data-elementor-id=\"1964\" class=\"elementor elementor-1964 elementor-655\" data-elementor-settings=\"{&quot;element_pack_global_tooltip_width&quot;:{&quot;unit&quot;:&quot;px&quot;,&quot;size&quot;:&quot;&quot;,&quot;sizes&quot;:[]},&quot;element_pack_global_tooltip_width_tablet&quot;:{&quot;unit&quot;:&quot;px&quot;,&quot;size&quot;:&quot;&quot;,&quot;sizes&quot;:[]},&quot;element_pack_global_tooltip_width_mobile&quot;:{&quot;unit&quot;:&quot;px&quot;,&quot;size&quot;:&quot;&quot;,&quot;sizes&quot;:[]},&quot;element_pack_global_tooltip_padding&quot;:{&quot;unit&quot;:&quot;px&quot;,&quot;top&quot;:&quot;&quot;,&quot;right&quot;:&quot;&quot;,&quot;bottom&quot;:&quot;&quot;,&quot;left&quot;:&quot;&quot;,&quot;isLinked&quot;:true},&quot;element_pack_global_tooltip_padding_tablet&quot;:{&quot;unit&quot;:&quot;px&quot;,&quot;top&quot;:&quot;&quot;,&quot;right&quot;:&quot;&quot;,&quot;bottom&quot;:&quot;&quot;,&quot;left&quot;:&quot;&quot;,&quot;isLinked&quot;:true},&quot;element_pack_global_tooltip_padding_mobile&quot;:{&quot;unit&quot;:&quot;px&quot;,&quot;top&quot;:&quot;&quot;,&quot;right&quot;:&quot;&quot;,&quot;bottom&quot;:&quot;&quot;,&quot;left&quot;:&quot;&quot;,&quot;isLinked&quot;:true},&quot;element_pack_global_tooltip_border_radius&quot;:{&quot;unit&quot;:&quot;px&quot;,&quot;top&quot;:&quot;&quot;,&quot;right&quot;:&quot;&quot;,&quot;bottom&quot;:&quot;&quot;,&quot;left&quot;:&quot;&quot;,&quot;isLinked&quot;:true},&quot;element_pack_global_tooltip_border_radius_tablet&quot;:{&quot;unit&quot;:&quot;px&quot;,&quot;top&quot;:&quot;&quot;,&quot;right&quot;:&quot;&quot;,&quot;bottom&quot;:&quot;&quot;,&quot;left&quot;:&quot;&quot;,&quot;isLinked&quot;:true},&quot;element_pack_global_tooltip_border_radius_mobile&quot;:{&quot;unit&quot;:&quot;px&quot;,&quot;top&quot;:&quot;&quot;,&quot;right&quot;:&quot;&quot;,&quot;bottom&quot;:&quot;&quot;,&quot;left&quot;:&quot;&quot;,&quot;isLinked&quot;:true}}\">\n\t\t\t\t\t\t<section class=\"elementor-section elementor-top-section elementor-element elementor-element-b7369fd elementor-section-boxed elementor-section-height-default elementor-section-height-default\" data-id=\"b7369fd\" data-element_type=\"section\" data-settings=\"{&quot;background_background&quot;:&quot;classic&quot;}\">\n\t\t\t\t\t\t<div class=\"elementor-container elementor-column-gap-default\">\n\t\t\t\t\t<div class=\"elementor-column elementor-col-100 elementor-top-column elementor-element elementor-element-0b601eb\" data-id=\"0b601eb\" data-element_type=\"column\">\n\t\t\t<div class=\"elementor-widget-wrap elementor-element-populated\">\n\t\t\t\t\t\t<div class=\"elementor-element elementor-element-a19e135 elementor-widget elementor-widget-text-editor\" data-id=\"a19e135\" data-element_type=\"widget\" data-widget_type=\"text-editor.default\">\n\t\t\t\t<div class=\"elementor-widget-container\">\n\t\t\t\t\t\t\t\t\t<h4>Kontaktadresse<\/h4><p>Car Clean Service<br>Rue du Faucon 43<br>CH-2504 Biel-Bienne<\/p><h4>Mehrwertsteuer-Nummer<\/h4><p>CHE-106.157.712 TVA<\/p><h4>Betreiber der Website<\/h4><p>Car Clean Service<br>Rue du Faucon 43<br>CH-2504 Biel-Bienne<\/p><h4>Handelsregistereintrag \/ Rechtsform<\/h4><p>IDE-Nummer: CHE-106.157.712<br>Rechtsform: Aktiengesellschaft<\/p><h4>Kontakt<\/h4><p>T +41 32 343 31 33<br>E carclean(at)car-cs(dot)ch<\/p><h4>Ausschluss der Haftung<\/h4><div id=\"c371\" class=\"frame frame-default frame-type-textmedia frame-layout-0\"><div class=\"ce-textpic ce-right ce-intext\"><div class=\"ce-bodytext\"><p>Haftungsausschluss: Nur die franz\u00f6sische Version ist verbindlich. F\u00fcr alle informativen und vertraglichen Daten sowie die Allgemeinen Gesch\u00e4ftsbedingungen gilt die franz\u00f6sische Sprache. Im Falle von Abweichungen oder \u00dcbersetzungen ist die franz\u00f6sische Version ma\u00dfgebend.<\/p><p>Der Autor \u00fcbernimmt keinerlei Gew\u00e4hr f\u00fcr die Richtigkeit, Genauigkeit, Aktualit\u00e4t, Zuverl\u00e4ssigkeit oder Vollst\u00e4ndigkeit des Inhalts der Informationen.<\/p><p>Haftungsanspr\u00fcche gegen den Autor wegen Sch\u00e4den materieller oder immaterieller Art, welche aus dem Zugriff oder der Nutzung bzw. Nichtnutzung der ver\u00f6ffentlichten Informationen, durch Missbrauch der Verbindung oder durch technische St\u00f6rungen entstanden sind, werden ausgeschlossen.<\/p><p>Alle Angebote sind unverbindlich. Der Autor beh\u00e4lt es sich ausdr\u00fccklich vor, Teile der Seiten oder das gesamte Angebot ohne gesonderte Ank\u00fcndigung zu ver\u00e4ndern, zu erg\u00e4nzen, zu l\u00f6schen oder die Ver\u00f6ffentlichung zeitweise oder endg\u00fcltig einzustellen.<\/p><p>Keine Haftung des Website-Betreibers: Alle Artikel, Modelle oder Informationen auf dieser Website dienen nur zu Referenzzwecken. Obwohl wir uns bem\u00fchen, die Informationen aktuell und korrekt zu halten, geben wir keine Zusicherungen oder Garantien jeglicher Art, weder ausdr\u00fccklich noch implizit, hinsichtlich der Vollst\u00e4ndigkeit, Genauigkeit, Zuverl\u00e4ssigkeit, Eignung oder Verf\u00fcgbarkeit in Bezug auf die Website oder damit zusammenh\u00e4ngende Informationen, Artikel, Vorlagen oder Grafiken, die auf der Website enthalten sind, ab. Jegliches Vertrauen, das Sie diesen Informationen entgegenbringen, geschieht daher strikt auf Ihr eigenes Risiko.<\/p><p> <\/p><\/div><\/div><\/div><div id=\"c372\" class=\"frame frame-default frame-type-textmedia frame-layout-0\"><div class=\"ce-textpic ce-right ce-intext\"><div class=\"ce-bodytext\"><h4>Verantwortung f\u00fcr Links<\/h4><p>Jegliche Verweise und Links auf Websites Dritter liegen nicht in unserer Verantwortung. Wir lehnen jegliche Verantwortung f\u00fcr solche Websites ab. Der Zugang zu solchen Webseiten und deren Nutzung erfolgt auf eigenes Risiko des Nutzers oder der Nutzerin.<\/p><h4>Urheberrechte<\/h4><\/div><\/div><\/div><div id=\"c373\" class=\"frame frame-default frame-type-textmedia frame-layout-0\"><div class=\"ce-textpic ce-center ce-above\"><div class=\"ce-bodytext\"><p><br>Das Urheberrecht und alle anderen Rechte an den Inhalten, Bildern, Fotos oder anderen Daten auf der Website geh\u00f6ren ausschlie\u00dflich dem Betreiber der Website oder den speziell genannten Rechteinhabern. Die Vervielf\u00e4ltigung jeglicher Elemente bedarf der vorherigen schriftlichen Zustimmung der Inhaber der Urheberrechte.<\/p><\/div><\/div><\/div>\t\t\t\t\t\t\t\t<\/div>\n\t\t\t\t<\/div>\n\t\t\t\t\t<\/div>\n\t\t<\/div>\n\t\t\t\t\t<\/div>\n\t\t<\/section>\n\t\t\t\t<\/div>\n\t\t","protected":false},"excerpt":{"rendered":"<p>Kontaktadresse Car Clean ServiceRue du Faucon 43CH-2504 Biel-Bienne Mehrwertsteuer-Nummer CHE-106.157.712 TVA Betreiber der Website Car Clean ServiceRue du Faucon 43CH-2504 Biel-Bienne Handelsregistereintrag [&hellip;]<\/p>\n","protected":false},"author":1,"featured_media":0,"parent":0,"menu_order":0,"comment_status":"closed","ping_status":"closed","template":"","meta":{"_acf_changed":false,"footnotes":""},"class_list":["post-1964","page","type-page","status-publish","hentry"],"acf":[],"_links":{"self":[{"href":"https:\/\/car-clean-service.ch\/de\/wp-json\/wp\/v2\/pages\/1964","targetHints":{"allow":["GET"]}}],"collection":[{"href":"https:\/\/car-clean-service.ch\/de\/wp-json\/wp\/v2\/pages"}],"about":[{"href":"https:\/\/car-clean-service.ch\/de\/wp-json\/wp\/v2\/types\/page"}],"author":[{"embeddable":true,"href":"https:\/\/car-clean-service.ch\/de\/wp-json\/wp\/v2\/users\/1"}],"replies":[{"embeddable":true,"href":"https:\/\/car-clean-service.ch\/de\/wp-json\/wp\/v2\/comments?post=1964"}],"version-history":[{"count":1,"href":"https:\/\/car-clean-service.ch\/de\/wp-json\/wp\/v2\/pages\/1964\/revisions"}],"predecessor-version":[{"id":1965,"href":"https:\/\/car-clean-service.ch\/de\/wp-json\/wp\/v2\/pages\/1964\/revisions\/1965"}],"wp:attachment":[{"href":"https:\/\/car-clean-service.ch\/de\/wp-json\/wp\/v2\/media?parent=1964"}],"curies":[{"name":"wp","href":"https:\/\/api.w.org\/{rel}","templated":true}]}}