{"id":1954,"date":"2025-05-12T12:37:57","date_gmt":"2025-05-12T12:37:57","guid":{"rendered":"https:\/\/car-clean-service.ch\/tarife-fuer-mobilitaetsdienste\/"},"modified":"2026-01-30T09:51:20","modified_gmt":"2026-01-30T09:51:20","slug":"tarife-fuer-mobilitaetsdienste","status":"publish","type":"page","link":"https:\/\/car-clean-service.ch\/de\/tarife-fuer-mobilitaetsdienste\/","title":{"rendered":"Preise f\u00fcr Mobilit\u00e4tsdienste"},"content":{"rendered":"\t\t<div data-elementor-type=\"wp-page\" data-elementor-id=\"1954\" class=\"elementor elementor-1954 elementor-1408\" data-elementor-settings=\"{&quot;element_pack_global_tooltip_width&quot;:{&quot;unit&quot;:&quot;px&quot;,&quot;size&quot;:&quot;&quot;,&quot;sizes&quot;:[]},&quot;element_pack_global_tooltip_width_tablet&quot;:{&quot;unit&quot;:&quot;px&quot;,&quot;size&quot;:&quot;&quot;,&quot;sizes&quot;:[]},&quot;element_pack_global_tooltip_width_mobile&quot;:{&quot;unit&quot;:&quot;px&quot;,&quot;size&quot;:&quot;&quot;,&quot;sizes&quot;:[]},&quot;element_pack_global_tooltip_padding&quot;:{&quot;unit&quot;:&quot;px&quot;,&quot;top&quot;:&quot;&quot;,&quot;right&quot;:&quot;&quot;,&quot;bottom&quot;:&quot;&quot;,&quot;left&quot;:&quot;&quot;,&quot;isLinked&quot;:true},&quot;element_pack_global_tooltip_padding_tablet&quot;:{&quot;unit&quot;:&quot;px&quot;,&quot;top&quot;:&quot;&quot;,&quot;right&quot;:&quot;&quot;,&quot;bottom&quot;:&quot;&quot;,&quot;left&quot;:&quot;&quot;,&quot;isLinked&quot;:true},&quot;element_pack_global_tooltip_padding_mobile&quot;:{&quot;unit&quot;:&quot;px&quot;,&quot;top&quot;:&quot;&quot;,&quot;right&quot;:&quot;&quot;,&quot;bottom&quot;:&quot;&quot;,&quot;left&quot;:&quot;&quot;,&quot;isLinked&quot;:true},&quot;element_pack_global_tooltip_border_radius&quot;:{&quot;unit&quot;:&quot;px&quot;,&quot;top&quot;:&quot;&quot;,&quot;right&quot;:&quot;&quot;,&quot;bottom&quot;:&quot;&quot;,&quot;left&quot;:&quot;&quot;,&quot;isLinked&quot;:true},&quot;element_pack_global_tooltip_border_radius_tablet&quot;:{&quot;unit&quot;:&quot;px&quot;,&quot;top&quot;:&quot;&quot;,&quot;right&quot;:&quot;&quot;,&quot;bottom&quot;:&quot;&quot;,&quot;left&quot;:&quot;&quot;,&quot;isLinked&quot;:true},&quot;element_pack_global_tooltip_border_radius_mobile&quot;:{&quot;unit&quot;:&quot;px&quot;,&quot;top&quot;:&quot;&quot;,&quot;right&quot;:&quot;&quot;,&quot;bottom&quot;:&quot;&quot;,&quot;left&quot;:&quot;&quot;,&quot;isLinked&quot;:true}}\">\n\t\t\t\t<div class=\"elementor-element elementor-element-3d135db0 pricingTablesSection e-flex e-con-boxed e-con e-parent\" data-id=\"3d135db0\" data-element_type=\"container\">\n\t\t\t\t\t<div class=\"e-con-inner\">\n\t\t<div class=\"elementor-element elementor-element-20eae46 e-con-full e-flex e-con e-child\" data-id=\"20eae46\" data-element_type=\"container\">\n\t\t\t\t<div class=\"elementor-element elementor-element-4286e7f1 elementor-widget__width-initial elementor-widget-tablet__width-initial elementor-widget-mobile__width-inherit ui-e-a-animate elementor-widget elementor-widget-highlighted-text\" data-id=\"4286e7f1\" data-element_type=\"widget\" data-settings=\"{&quot;_animation_delay&quot;:&quot;240&quot;,&quot;_animation&quot;:&quot;none&quot;}\" data-widget_type=\"highlighted-text.default\">\n\t\t\t\t<div class=\"elementor-widget-container\">\n\t\t\t\t\t\t\t<h2 class=\"ui-e--highlighted-text\" >\n        <span class=\"ui-e-headline-text elementor-repeater-item-bace23b\">Preise f\u00fcr unsere Dienstleistungen<\/span><span class=\"ui-e-headline-text elementor-repeater-item-3c183ef ui-e-headline-color\">\n\t\t\t\t\t\t\t\t\t<span class=\"whitespace\"><\/span>\n                                    <span>\n                                        <span class=\"ui-e-headline-text ui-e-headline-highlighted\">Mobilit\u00e4t<\/span><span class=\"uicore-svg-wrapper\"><svg xmlns=\"http:\/\/www.w3.org\/2000\/svg\" viewBox=\"0 0 500 150\" preserveAspectRatio=\"none\"><\/svg><\/span><\/span> <span class=\"whitespace\"> <\/span><\/span>        <\/h2>\n        \t\t\t\t<\/div>\n\t\t\t\t<\/div>\n\t\t\t\t<div class=\"elementor-element elementor-element-42fe51e5 elementor-widget__width-initial elementor-widget-mobile__width-inherit elementor-widget elementor-widget-text-editor\" data-id=\"42fe51e5\" data-element_type=\"widget\" data-settings=\"{&quot;_animation_delay&quot;:&quot;240&quot;,&quot;_animation&quot;:&quot;none&quot;}\" data-widget_type=\"text-editor.default\">\n\t\t\t\t<div class=\"elementor-widget-container\">\n\t\t\t\t\t\t\t\t\t<p>Bringen Sie Ihr Fahrzeug zu uns und fahren Sie direkt mit einem Ersatzfahrzeug weiter \u2013 oder nutzen Sie unseren praktischen Abholservice von Ihrem Wohnort oder Arbeitsplatz (Hohl &amp; Bring-Service).<\/p><p>(Alle diese Dienstleistungen k\u00f6nnen gebucht werden und stehen Ihnen je nach Verf\u00fcgbarkeit zur Auswahl)<\/p>\t\t\t\t\t\t\t\t<\/div>\n\t\t\t\t<\/div>\n\t\t\t\t<\/div>\n\t\t\t\t\t<\/div>\n\t\t\t\t<\/div>\n\t\t<div class=\"elementor-element elementor-element-310bb61 e-flex e-con-boxed e-con e-parent\" data-id=\"310bb61\" data-element_type=\"container\">\n\t\t\t\t\t<div class=\"e-con-inner\">\n\t\t<div class=\"elementor-element elementor-element-f967945 e-con-full e-flex e-con e-child\" data-id=\"f967945\" data-element_type=\"container\">\n\t\t<div class=\"elementor-element elementor-element-0db628e e-con-full e-flex e-con e-child\" data-id=\"0db628e\" data-element_type=\"container\" data-settings=\"{&quot;background_background&quot;:&quot;classic&quot;}\">\n\t\t<div class=\"elementor-element elementor-element-fc163a1 e-con-full e-flex e-con e-child\" data-id=\"fc163a1\" data-element_type=\"container\">\n\t\t\t\t<div class=\"elementor-element elementor-element-09e6adf elementor-widget elementor-widget-image\" data-id=\"09e6adf\" data-element_type=\"widget\" data-widget_type=\"image.default\">\n\t\t\t\t<div class=\"elementor-widget-container\">\n\t\t\t\t\t\t\t\t\t\t\t\t\t\t\t<img fetchpriority=\"high\" decoding=\"async\" width=\"1000\" height=\"668\" src=\"https:\/\/car-clean-service.ch\/wp-content\/uploads\/2025\/05\/kbo-bike-kXP41LVdcv0-unsplash-1024x684.jpg\" class=\"attachment-large size-large wp-image-1917\" alt=\"\" srcset=\"https:\/\/car-clean-service.ch\/wp-content\/uploads\/2025\/05\/kbo-bike-kXP41LVdcv0-unsplash-1024x684.jpg 1024w, https:\/\/car-clean-service.ch\/wp-content\/uploads\/2025\/05\/kbo-bike-kXP41LVdcv0-unsplash-300x200.jpg 300w, https:\/\/car-clean-service.ch\/wp-content\/uploads\/2025\/05\/kbo-bike-kXP41LVdcv0-unsplash-768x513.jpg 768w, https:\/\/car-clean-service.ch\/wp-content\/uploads\/2025\/05\/kbo-bike-kXP41LVdcv0-unsplash-1536x1026.jpg 1536w, https:\/\/car-clean-service.ch\/wp-content\/uploads\/2025\/05\/kbo-bike-kXP41LVdcv0-unsplash-650x434.jpg 650w, https:\/\/car-clean-service.ch\/wp-content\/uploads\/2025\/05\/kbo-bike-kXP41LVdcv0-unsplash.jpg 1920w\" sizes=\"(max-width: 1000px) 100vw, 1000px\" \/>\t\t\t\t\t\t\t\t\t\t\t\t\t\t\t<\/div>\n\t\t\t\t<\/div>\n\t\t\t\t<\/div>\n\t\t<div class=\"elementor-element elementor-element-5055854 e-con-full e-flex e-con e-child\" data-id=\"5055854\" data-element_type=\"container\">\n\t\t\t\t<div class=\"elementor-element elementor-element-229286f elementor-widget elementor-widget-heading\" data-id=\"229286f\" data-element_type=\"widget\" data-widget_type=\"heading.default\">\n\t\t\t\t<div class=\"elementor-widget-container\">\n\t\t\t\t\t<div class=\"elementor-heading-title elementor-size-default\">ELEKTROFAHRRAD VAE<\/div>\t\t\t\t<\/div>\n\t\t\t\t<\/div>\n\t\t\t\t<div class=\"elementor-element elementor-element-d892b55 elementor-widget elementor-widget-text-editor\" data-id=\"d892b55\" data-element_type=\"widget\" data-widget_type=\"text-editor.default\">\n\t\t\t\t<div class=\"elementor-widget-container\">\n\t\t\t\t\t\t\t\t\t<p>Max. Geschwindigkeit 25 km\/h, einschl. Aufladekosten inkl. \/ ohne Helm<\/p>\t\t\t\t\t\t\t\t<\/div>\n\t\t\t\t<\/div>\n\t\t\t\t<div class=\"elementor-element elementor-element-f904b00 elementor-widget elementor-widget-text-editor\" data-id=\"f904b00\" data-element_type=\"widget\" data-widget_type=\"text-editor.default\">\n\t\t\t\t<div class=\"elementor-widget-container\">\n\t\t\t\t\t\t\t\t\t<p>1\/2 Tag (max. 4h.30min, vormittags oder nachmittags) &#8211; km frei<br \/><strong>CHF 10.00<\/strong><\/p><p>1 Tag (w\u00e4hrend unserer \u00d6ffnungszeiten) &#8211; freier km<br \/><strong>CHF 15.00<\/strong><\/p>\t\t\t\t\t\t\t\t<\/div>\n\t\t\t\t<\/div>\n\t\t\t\t<div class=\"elementor-element elementor-element-871d1b4 elementor-widget-divider--view-line elementor-widget elementor-widget-divider\" data-id=\"871d1b4\" data-element_type=\"widget\" data-widget_type=\"divider.default\">\n\t\t\t\t<div class=\"elementor-widget-container\">\n\t\t\t\t\t\t\t<div class=\"elementor-divider\">\n\t\t\t<span class=\"elementor-divider-separator\">\n\t\t\t\t\t\t<\/span>\n\t\t<\/div>\n\t\t\t\t\t\t<\/div>\n\t\t\t\t<\/div>\n\t\t\t\t<div class=\"elementor-element elementor-element-079d9ef elementor-widget__width-initial elementor-widget-mobile__width-inherit elementor-widget elementor-widget-text-editor\" data-id=\"079d9ef\" data-element_type=\"widget\" data-settings=\"{&quot;_animation_delay&quot;:&quot;240&quot;,&quot;_animation&quot;:&quot;none&quot;}\" data-widget_type=\"text-editor.default\">\n\t\t\t\t<div class=\"elementor-widget-container\">\n\t\t\t\t\t\t\t\t\t<p>Preis pro zus\u00e4tzlichem km: <strong>Kostenlos<\/strong><\/p>\t\t\t\t\t\t\t\t<\/div>\n\t\t\t\t<\/div>\n\t\t\t\t<\/div>\n\t\t\t\t<\/div>\n\t\t\t\t<\/div>\n\t\t<div class=\"elementor-element elementor-element-5e3bb08 e-con-full e-flex e-con e-child\" data-id=\"5e3bb08\" data-element_type=\"container\">\n\t\t<div class=\"elementor-element elementor-element-99d9e6f e-con-full e-flex e-con e-child\" data-id=\"99d9e6f\" data-element_type=\"container\" data-settings=\"{&quot;background_background&quot;:&quot;classic&quot;}\">\n\t\t<div class=\"elementor-element elementor-element-d75e422 e-con-full e-flex e-con e-child\" data-id=\"d75e422\" data-element_type=\"container\">\n\t\t\t\t<div class=\"elementor-element elementor-element-1c8d9ca elementor-widget elementor-widget-image\" data-id=\"1c8d9ca\" data-element_type=\"widget\" data-widget_type=\"image.default\">\n\t\t\t\t<div class=\"elementor-widget-container\">\n\t\t\t\t\t\t\t\t\t\t\t\t\t\t\t<img decoding=\"async\" width=\"1000\" height=\"665\" src=\"https:\/\/car-clean-service.ch\/wp-content\/uploads\/2025\/05\/rolando-garrido-R4y4_dvpYXU-unsplash-1024x681.jpg\" class=\"attachment-large size-large wp-image-1918\" alt=\"\" srcset=\"https:\/\/car-clean-service.ch\/wp-content\/uploads\/2025\/05\/rolando-garrido-R4y4_dvpYXU-unsplash-1024x681.jpg 1024w, https:\/\/car-clean-service.ch\/wp-content\/uploads\/2025\/05\/rolando-garrido-R4y4_dvpYXU-unsplash-300x200.jpg 300w, https:\/\/car-clean-service.ch\/wp-content\/uploads\/2025\/05\/rolando-garrido-R4y4_dvpYXU-unsplash-768x511.jpg 768w, https:\/\/car-clean-service.ch\/wp-content\/uploads\/2025\/05\/rolando-garrido-R4y4_dvpYXU-unsplash-1536x1022.jpg 1536w, https:\/\/car-clean-service.ch\/wp-content\/uploads\/2025\/05\/rolando-garrido-R4y4_dvpYXU-unsplash-650x432.jpg 650w, https:\/\/car-clean-service.ch\/wp-content\/uploads\/2025\/05\/rolando-garrido-R4y4_dvpYXU-unsplash.jpg 1920w\" sizes=\"(max-width: 1000px) 100vw, 1000px\" \/>\t\t\t\t\t\t\t\t\t\t\t\t\t\t\t<\/div>\n\t\t\t\t<\/div>\n\t\t\t\t<\/div>\n\t\t<div class=\"elementor-element elementor-element-832fba9 e-con-full e-flex e-con e-child\" data-id=\"832fba9\" data-element_type=\"container\">\n\t\t\t\t<div class=\"elementor-element elementor-element-2eb5b16 elementor-widget elementor-widget-heading\" data-id=\"2eb5b16\" data-element_type=\"widget\" data-settings=\"{&quot;element_pack_widget_tooltip_text&quot;:&quot;Holh &amp; Bring-Service, exemples :&lt;\\\/br&gt;&lt;\\\/br&gt;\\n\\na) 2 personnes viennent chercher votre voiture \\u00e0 votre domicile ou sur votre lieu de travail. Elle ont besoin de 10 minutes pour venir chercher votre voiture et \\u00e9galement de 10 minutes pour vous la ramener:  cela fait 20 minutes \\u00e0 2 personnes ainsi,  40 minutes vous seront  factur\\u00e9es.&lt;\\\/br&gt;&lt;\\\/br&gt;\\n\\n\\nb) m\\u00eame cas, mais vous avez une place de parc qui est \\u00e0 notre disposition:  1 seule personne est mobilis\\u00e9e car elle peut garer l&#039;un de nos vhc, dans ce cas 20 minutes vous seront factur\\u00e9es.&lt;\\\/br&gt;&lt;\\\/br&gt;\\n\\n\\n\\nc) 2 personnes mobilis\\u00e9es pendant chacune 15 minutes \\&quot;aller\\&quot; et  15 minutes \\&quot;retour\\&quot; pour prendre en charge votre v\\u00e9hicule, total 60 minutes. Mais vous avez une facture de CHF 300.-  \\u2192  la premi\\u00e8re demi-heure vous est offerte: 30 minutes vous seront factur\\u00e9es.&quot;,&quot;element_pack_widget_tooltip&quot;:&quot;yes&quot;,&quot;element_pack_widget_tooltip_arrow&quot;:&quot;yes&quot;,&quot;element_pack_widget_tooltip_x_offset&quot;:{&quot;unit&quot;:&quot;px&quot;,&quot;size&quot;:&quot;&quot;,&quot;sizes&quot;:[]},&quot;element_pack_widget_tooltip_y_offset&quot;:{&quot;unit&quot;:&quot;px&quot;,&quot;size&quot;:&quot;&quot;,&quot;sizes&quot;:[]}}\" data-widget_type=\"heading.default\">\n\t\t\t\t<div class=\"elementor-widget-container\">\n\t\t\t\t\t<div class=\"elementor-heading-title elementor-size-default\">Hohl &amp; Bring-Service<\/div>\t\t\t\t<\/div>\n\t\t\t\t<\/div>\n\t\t\t\t<div class=\"elementor-element elementor-element-25b17f1 elementor-widget elementor-widget-text-editor\" data-id=\"25b17f1\" data-element_type=\"widget\" data-widget_type=\"text-editor.default\">\n\t\t\t\t<div class=\"elementor-widget-container\">\n\t\t\t\t\t\t\t\t\t<p>Abholservice f\u00fcr Ihr Fahrzeug von Ihrem Wohnort oder Arbeitsplatz<\/p>\t\t\t\t\t\t\t\t<\/div>\n\t\t\t\t<\/div>\n\t\t\t\t<div class=\"elementor-element elementor-element-692c20c HohlCategory elementor-widget elementor-widget-text-editor\" data-id=\"692c20c\" data-element_type=\"widget\" data-settings=\"{&quot;element_pack_widget_tooltip_text&quot;:&quot;Holh &amp; Bring-Service, exemples :&lt;\\\/br&gt;&lt;\\\/br&gt;\\n\\na) 2 personnes viennent chercher votre voiture \\u00e0 votre domicile ou sur votre lieu de travail. Elle ont besoin de 10 minutes pour venir chercher votre voiture et \\u00e9galement de 10 minutes pour vous la ramener:  cela fait 20 minutes \\u00e0 2 personnes ainsi,  40 minutes vous seront  factur\\u00e9es.&lt;\\\/br&gt;&lt;\\\/br&gt;\\n\\n\\nb) m\\u00eame cas, mais vous avez une place de parc qui est \\u00e0 notre disposition:  1 seule personne est mobilis\\u00e9e car elle peut garer l&#039;un de nos vhc, dans ce cas 20 minutes vous seront factur\\u00e9es.&lt;\\\/br&gt;&lt;\\\/br&gt;\\n\\n\\n\\nc) 2 personnes mobilis\\u00e9es pendant chacune 15 minutes \\&quot;aller\\&quot; et  15 minutes \\&quot;retour\\&quot; pour prendre en charge votre v\\u00e9hicule, total 60 minutes. Mais vous avez une facture de CHF 300.-  \\u2192  la premi\\u00e8re demi-heure vous est offerte: 30 minutes vous seront factur\\u00e9es.&quot;,&quot;element_pack_widget_tooltip&quot;:&quot;yes&quot;,&quot;element_pack_widget_tooltip_arrow&quot;:&quot;yes&quot;,&quot;element_pack_widget_tooltip_x_offset&quot;:{&quot;unit&quot;:&quot;px&quot;,&quot;size&quot;:&quot;&quot;,&quot;sizes&quot;:[]},&quot;element_pack_widget_tooltip_y_offset&quot;:{&quot;unit&quot;:&quot;px&quot;,&quot;size&quot;:&quot;&quot;,&quot;sizes&quot;:[]}}\" data-widget_type=\"text-editor.default\">\n\t\t\t\t<div class=\"elementor-widget-container\">\n\t\t\t\t\t\t\t\t\t<p>Preis pro 1\/4 Stunde (1 Person mobilisiert)<br><strong>CHF 15.00<\/strong><\/p><p>Ab 150.- in Rechnung gestellt: die erste Viertelstunde gratis (CHF -15.00)<br>Ab 300.- in Rechnung gestellt: die erste halbe Stunde gratis (CHF -30.00)<\/p>\t\t\t\t\t\t\t\t<\/div>\n\t\t\t\t<\/div>\n\t\t\t\t<div class=\"elementor-element elementor-element-12bad4b elementor-widget-divider--view-line elementor-widget elementor-widget-divider\" data-id=\"12bad4b\" data-element_type=\"widget\" data-widget_type=\"divider.default\">\n\t\t\t\t<div class=\"elementor-widget-container\">\n\t\t\t\t\t\t\t<div class=\"elementor-divider\">\n\t\t\t<span class=\"elementor-divider-separator\">\n\t\t\t\t\t\t<\/span>\n\t\t<\/div>\n\t\t\t\t\t\t<\/div>\n\t\t\t\t<\/div>\n\t\t\t\t<div class=\"elementor-element elementor-element-11eb78d elementor-widget__width-initial elementor-widget-mobile__width-inherit elementor-widget elementor-widget-text-editor\" data-id=\"11eb78d\" data-element_type=\"widget\" data-settings=\"{&quot;_animation_delay&quot;:&quot;240&quot;,&quot;_animation&quot;:&quot;none&quot;}\" data-widget_type=\"text-editor.default\">\n\t\t\t\t<div class=\"elementor-widget-container\">\n\t\t\t\t\t\t\t\t\t<p>Preis pro zus\u00e4tzliche 1\/4 Stunde: <strong>CHF 15.00<\/strong><\/p>\t\t\t\t\t\t\t\t<\/div>\n\t\t\t\t<\/div>\n\t\t\t\t<\/div>\n\t\t\t\t<\/div>\n\t\t\t\t<\/div>\n\t\t<div class=\"elementor-element elementor-element-6b71d81 e-con-full inactiveCar e-flex e-con e-child\" data-id=\"6b71d81\" data-element_type=\"container\">\n\t\t<div class=\"elementor-element elementor-element-80fd9a5 e-con-full e-flex e-con e-child\" data-id=\"80fd9a5\" data-element_type=\"container\" data-settings=\"{&quot;background_background&quot;:&quot;classic&quot;}\">\n\t\t<div class=\"elementor-element elementor-element-cf01b82 e-con-full e-flex e-con e-child\" data-id=\"cf01b82\" data-element_type=\"container\">\n\t\t\t\t<div class=\"elementor-element elementor-element-a54f0e4 elementor-widget elementor-widget-image\" data-id=\"a54f0e4\" data-element_type=\"widget\" data-widget_type=\"image.default\">\n\t\t\t\t<div class=\"elementor-widget-container\">\n\t\t\t\t\t\t\t\t\t\t\t\t\t\t\t<img decoding=\"async\" width=\"640\" height=\"382\" src=\"https:\/\/car-clean-service.ch\/wp-content\/uploads\/2025\/05\/jorge-segura-YjQXpS7kS0o-unsplash.jpg\" class=\"attachment-large size-large wp-image-1922\" alt=\"\" srcset=\"https:\/\/car-clean-service.ch\/wp-content\/uploads\/2025\/05\/jorge-segura-YjQXpS7kS0o-unsplash.jpg 640w, https:\/\/car-clean-service.ch\/wp-content\/uploads\/2025\/05\/jorge-segura-YjQXpS7kS0o-unsplash-300x179.jpg 300w\" sizes=\"(max-width: 640px) 100vw, 640px\" \/>\t\t\t\t\t\t\t\t\t\t\t\t\t\t\t<\/div>\n\t\t\t\t<\/div>\n\t\t\t\t<\/div>\n\t\t<div class=\"elementor-element elementor-element-c73ace5 e-con-full e-flex e-con e-child\" data-id=\"c73ace5\" data-element_type=\"container\">\n\t\t\t\t<div class=\"elementor-element elementor-element-ed375aa elementor-widget elementor-widget-heading\" data-id=\"ed375aa\" data-element_type=\"widget\" data-widget_type=\"heading.default\">\n\t\t\t\t<div class=\"elementor-widget-container\">\n\t\t\t\t\t<div class=\"elementor-heading-title elementor-size-default\">Ersatzwagen<\/div>\t\t\t\t<\/div>\n\t\t\t\t<\/div>\n\t\t\t\t<div class=\"elementor-element elementor-element-37c5fd3 elementor-widget elementor-widget-text-editor\" data-id=\"37c5fd3\" data-element_type=\"widget\" data-widget_type=\"text-editor.default\">\n\t\t\t\t<div class=\"elementor-widget-container\">\n\t\t\t\t\t\t\t\t\t<p>inkl. Benzin oder Aufladekosten<\/p>\t\t\t\t\t\t\t\t<\/div>\n\t\t\t\t<\/div>\n\t\t\t\t<div class=\"elementor-element elementor-element-9f04c54 elementor-widget elementor-widget-text-editor\" data-id=\"9f04c54\" data-element_type=\"widget\" data-widget_type=\"text-editor.default\">\n\t\t\t\t<div class=\"elementor-widget-container\">\n\t\t\t\t\t\t\t\t\t<p>1\/2 Tag (max. 4 Std. 30 Min., vormittags oder nachmittags) &#8211; inkl. 60 km<br \/><strong>CHF 00.00<\/strong><\/p><p>1 Tag (w\u00e4hrend unserer \u00d6ffnungszeiten)- inkl. 100 km<br \/><strong>CHF 00.00<\/strong><\/p>\t\t\t\t\t\t\t\t<\/div>\n\t\t\t\t<\/div>\n\t\t\t\t<div class=\"elementor-element elementor-element-7109501 elementor-widget-divider--view-line elementor-widget elementor-widget-divider\" data-id=\"7109501\" data-element_type=\"widget\" data-widget_type=\"divider.default\">\n\t\t\t\t<div class=\"elementor-widget-container\">\n\t\t\t\t\t\t\t<div class=\"elementor-divider\">\n\t\t\t<span class=\"elementor-divider-separator\">\n\t\t\t\t\t\t<\/span>\n\t\t<\/div>\n\t\t\t\t\t\t<\/div>\n\t\t\t\t<\/div>\n\t\t\t\t<div class=\"elementor-element elementor-element-82495c7 elementor-widget__width-initial elementor-widget-mobile__width-inherit elementor-widget elementor-widget-text-editor\" data-id=\"82495c7\" data-element_type=\"widget\" data-settings=\"{&quot;_animation_delay&quot;:&quot;240&quot;,&quot;_animation&quot;:&quot;none&quot;}\" data-widget_type=\"text-editor.default\">\n\t\t\t\t<div class=\"elementor-widget-container\">\n\t\t\t\t\t\t\t\t\t<p>Preis pro zus\u00e4tzlichem km: <strong>CHF 00.00<\/strong><\/p>\t\t\t\t\t\t\t\t<\/div>\n\t\t\t\t<\/div>\n\t\t\t\t<\/div>\n\t\t\t\t<\/div>\n\t\t\t\t<\/div>\n\t\t<div class=\"elementor-element elementor-element-cb0df32 e-con-full e-flex e-con e-child\" data-id=\"cb0df32\" data-element_type=\"container\">\n\t\t\t\t<div class=\"elementor-element elementor-element-e826653 elementor-widget__width-initial elementor-widget-mobile__width-inherit elementor-widget elementor-widget-text-editor\" data-id=\"e826653\" data-element_type=\"widget\" data-settings=\"{&quot;_animation_delay&quot;:&quot;240&quot;,&quot;_animation&quot;:&quot;none&quot;}\" data-widget_type=\"text-editor.default\">\n\t\t\t\t<div class=\"elementor-widget-container\">\n\t\t\t\t\t\t\t\t\t<p>NB: Die angegebenen Preise sind Mindestpreise, bei k\u00fcrzerer Nutzung als angegeben ist keine Preiserm\u00e4\u00dfigung m\u00f6glich.<\/p>\t\t\t\t\t\t\t\t<\/div>\n\t\t\t\t<\/div>\n\t\t\t\t<\/div>\n\t\t\t\t\t<\/div>\n\t\t\t\t<\/div>\n\t\t\t\t<\/div>\n\t\t","protected":false},"excerpt":{"rendered":"<p>Preise f\u00fcr unsere Dienstleistungen Mobilit\u00e4t Bringen Sie Ihr Fahrzeug zu uns und fahren Sie direkt mit einem Ersatzfahrzeug weiter \u2013 oder nutzen [&hellip;]<\/p>\n","protected":false},"author":1,"featured_media":0,"parent":0,"menu_order":0,"comment_status":"closed","ping_status":"closed","template":"","meta":{"_acf_changed":false,"footnotes":""},"class_list":["post-1954","page","type-page","status-publish","hentry"],"acf":[],"_links":{"self":[{"href":"https:\/\/car-clean-service.ch\/de\/wp-json\/wp\/v2\/pages\/1954","targetHints":{"allow":["GET"]}}],"collection":[{"href":"https:\/\/car-clean-service.ch\/de\/wp-json\/wp\/v2\/pages"}],"about":[{"href":"https:\/\/car-clean-service.ch\/de\/wp-json\/wp\/v2\/types\/page"}],"author":[{"embeddable":true,"href":"https:\/\/car-clean-service.ch\/de\/wp-json\/wp\/v2\/users\/1"}],"replies":[{"embeddable":true,"href":"https:\/\/car-clean-service.ch\/de\/wp-json\/wp\/v2\/comments?post=1954"}],"version-history":[{"count":21,"href":"https:\/\/car-clean-service.ch\/de\/wp-json\/wp\/v2\/pages\/1954\/revisions"}],"predecessor-version":[{"id":2392,"href":"https:\/\/car-clean-service.ch\/de\/wp-json\/wp\/v2\/pages\/1954\/revisions\/2392"}],"wp:attachment":[{"href":"https:\/\/car-clean-service.ch\/de\/wp-json\/wp\/v2\/media?parent=1954"}],"curies":[{"name":"wp","href":"https:\/\/api.w.org\/{rel}","templated":true}]}}