{"id":1952,"date":"2025-04-30T13:37:31","date_gmt":"2025-04-30T13:37:31","guid":{"rendered":"https:\/\/car-clean-service.ch\/spezialisierte-reinigungsdienste\/"},"modified":"2026-02-11T14:10:36","modified_gmt":"2026-02-11T14:10:36","slug":"spezialisierte-reinigungsdienste","status":"publish","type":"page","link":"https:\/\/car-clean-service.ch\/de\/spezialisierte-reinigungsdienste\/","title":{"rendered":"Spezialreinigungen"},"content":{"rendered":"\t\t<div data-elementor-type=\"wp-page\" data-elementor-id=\"1952\" class=\"elementor elementor-1952 elementor-966\" data-elementor-settings=\"{&quot;element_pack_global_tooltip_width&quot;:{&quot;unit&quot;:&quot;px&quot;,&quot;size&quot;:&quot;&quot;,&quot;sizes&quot;:[]},&quot;element_pack_global_tooltip_width_tablet&quot;:{&quot;unit&quot;:&quot;px&quot;,&quot;size&quot;:&quot;&quot;,&quot;sizes&quot;:[]},&quot;element_pack_global_tooltip_width_mobile&quot;:{&quot;unit&quot;:&quot;px&quot;,&quot;size&quot;:&quot;&quot;,&quot;sizes&quot;:[]},&quot;element_pack_global_tooltip_padding&quot;:{&quot;unit&quot;:&quot;px&quot;,&quot;top&quot;:&quot;&quot;,&quot;right&quot;:&quot;&quot;,&quot;bottom&quot;:&quot;&quot;,&quot;left&quot;:&quot;&quot;,&quot;isLinked&quot;:true},&quot;element_pack_global_tooltip_padding_tablet&quot;:{&quot;unit&quot;:&quot;px&quot;,&quot;top&quot;:&quot;&quot;,&quot;right&quot;:&quot;&quot;,&quot;bottom&quot;:&quot;&quot;,&quot;left&quot;:&quot;&quot;,&quot;isLinked&quot;:true},&quot;element_pack_global_tooltip_padding_mobile&quot;:{&quot;unit&quot;:&quot;px&quot;,&quot;top&quot;:&quot;&quot;,&quot;right&quot;:&quot;&quot;,&quot;bottom&quot;:&quot;&quot;,&quot;left&quot;:&quot;&quot;,&quot;isLinked&quot;:true},&quot;element_pack_global_tooltip_border_radius&quot;:{&quot;unit&quot;:&quot;px&quot;,&quot;top&quot;:&quot;&quot;,&quot;right&quot;:&quot;&quot;,&quot;bottom&quot;:&quot;&quot;,&quot;left&quot;:&quot;&quot;,&quot;isLinked&quot;:true},&quot;element_pack_global_tooltip_border_radius_tablet&quot;:{&quot;unit&quot;:&quot;px&quot;,&quot;top&quot;:&quot;&quot;,&quot;right&quot;:&quot;&quot;,&quot;bottom&quot;:&quot;&quot;,&quot;left&quot;:&quot;&quot;,&quot;isLinked&quot;:true},&quot;element_pack_global_tooltip_border_radius_mobile&quot;:{&quot;unit&quot;:&quot;px&quot;,&quot;top&quot;:&quot;&quot;,&quot;right&quot;:&quot;&quot;,&quot;bottom&quot;:&quot;&quot;,&quot;left&quot;:&quot;&quot;,&quot;isLinked&quot;:true}}\">\n\t\t\t\t<div class=\"elementor-element elementor-element-fb75b1a e-flex e-con-boxed e-con e-child\" data-id=\"fb75b1a\" data-element_type=\"container\" data-settings=\"{&quot;background_background&quot;:&quot;classic&quot;}\">\n\t\t\t\t\t<div class=\"e-con-inner\">\n\t\t<div class=\"elementor-element elementor-element-587533a e-con-full e-flex e-con e-child\" data-id=\"587533a\" data-element_type=\"container\">\n\t\t\t\t<div class=\"elementor-element elementor-element-c2789ac elementor-widget elementor-widget-heading\" data-id=\"c2789ac\" data-element_type=\"widget\" data-widget_type=\"heading.default\">\n\t\t\t\t<div class=\"elementor-widget-container\">\n\t\t\t\t\t<h4 class=\"elementor-heading-title elementor-size-default\">Spezialreinigungen<\/h4>\t\t\t\t<\/div>\n\t\t\t\t<\/div>\n\t\t<div class=\"elementor-element elementor-element-4d3b47a e-con-full e-flex e-con e-child\" data-id=\"4d3b47a\" data-element_type=\"container\">\n\t\t\t\t<div class=\"elementor-element elementor-element-0e972f0 elementor-widget__width-initial elementor-widget elementor-widget-heading\" data-id=\"0e972f0\" data-element_type=\"widget\" data-widget_type=\"heading.default\">\n\t\t\t\t<div class=\"elementor-widget-container\">\n\t\t\t\t\t<h2 class=\"elementor-heading-title elementor-size-default\">unsere Dienstleistungen<\/h2>\t\t\t\t<\/div>\n\t\t\t\t<\/div>\n\t\t\t\t<div class=\"elementor-element elementor-element-1560e4a elementor-invisible elementor-widget elementor-widget-button\" data-id=\"1560e4a\" data-element_type=\"widget\" data-settings=\"{&quot;_animation_delay&quot;:&quot;800&quot;,&quot;_animation&quot;:&quot;fadeInLeft&quot;}\" data-widget_type=\"button.default\">\n\t\t\t\t<div class=\"elementor-widget-container\">\n\t\t\t\t\t\t\t\t\t<div class=\"elementor-button-wrapper\">\n\t\t\t\t\t<a class=\"elementor-button elementor-button-link elementor-size-sm\" href=\"\/de\/contact\/\">\n\t\t\t\t\t\t<span class=\"elementor-button-content-wrapper\">\n\t\t\t\t\t\t<span class=\"elementor-button-icon\">\n\t\t\t\t<i aria-hidden=\"true\" class=\"ti ti-angle-right\"><\/i>\t\t\t<\/span>\n\t\t\t\t\t\t\t\t\t<span class=\"elementor-button-text\">Kontaktieren Sie uns<\/span>\n\t\t\t\t\t<\/span>\n\t\t\t\t\t<\/a>\n\t\t\t\t<\/div>\n\t\t\t\t\t\t\t\t<\/div>\n\t\t\t\t<\/div>\n\t\t\t\t<\/div>\n\t\t<div class=\"elementor-element elementor-element-2b703fa e-con-full e-flex e-con e-child\" data-id=\"2b703fa\" data-element_type=\"container\">\n\t\t\t\t<div class=\"elementor-element elementor-element-bf1cae1 elementor-widget__width-initial elementor-widget elementor-widget-heading\" data-id=\"bf1cae1\" data-element_type=\"widget\" data-widget_type=\"heading.default\">\n\t\t\t\t<div class=\"elementor-widget-container\">\n\t\t\t\t\t<p class=\"elementor-heading-title elementor-size-default\"><strong style=\"color: #D8273D\">Informationen: <\/strong> Die Preise sind nicht fest.\nDer Preis f\u00fcr diese Dienstleistung h\u00e4ngt vom Fahrzeugmodell, seinen Eigenschaften und der f\u00fcr den Eingriff erforderlichen Zeit ab.\nVor Beginn der Arbeiten erhalten Sie einen individuellen Kostenvoranschlag.<\/p>\t\t\t\t<\/div>\n\t\t\t\t<\/div>\n\t\t\t\t<\/div>\n\t\t<div class=\"elementor-element elementor-element-6c3a56e e-con-full e-grid e-con e-child\" data-id=\"6c3a56e\" data-element_type=\"container\">\n\t\t\t\t<div class=\"elementor-element elementor-element-5192445 ui-e-align-left elementor-widget__width-inherit ui-e-align-tablet-left elementor-widget-mobile__width-inherit ui-e-animation-widget-translate singleServiceBox  ui-e-align-mobile-left ui-e-top elementor-widget elementor-widget-uicore-icon-box\" data-id=\"5192445\" data-element_type=\"widget\" data-settings=\"{&quot;content_padding&quot;:{&quot;unit&quot;:&quot;px&quot;,&quot;top&quot;:&quot;30&quot;,&quot;right&quot;:&quot;30&quot;,&quot;bottom&quot;:&quot;30&quot;,&quot;left&quot;:&quot;30&quot;,&quot;isLinked&quot;:true},&quot;content_padding_tablet&quot;:{&quot;unit&quot;:&quot;px&quot;,&quot;top&quot;:&quot;32&quot;,&quot;right&quot;:&quot;32&quot;,&quot;bottom&quot;:&quot;32&quot;,&quot;left&quot;:&quot;32&quot;,&quot;isLinked&quot;:true},&quot;content_padding_mobile&quot;:{&quot;unit&quot;:&quot;px&quot;,&quot;top&quot;:&quot;25&quot;,&quot;right&quot;:&quot;25&quot;,&quot;bottom&quot;:&quot;25&quot;,&quot;left&quot;:&quot;25&quot;,&quot;isLinked&quot;:true},&quot;position&quot;:&quot;top&quot;}\" data-widget_type=\"uicore-icon-box.default\">\n\t\t\t\t<div class=\"elementor-widget-container\">\n\t\t\t\t\t\n\t\t\t<div class=\"ui-e-ico-box\" >\n\n\t\t\t\t\n\t\t\t\t<div class='ui-e-flex-wrp'>\n\n\t\t\t\t\t\t\t\t\t\t\t<div class=\"ui-e-icon-wrp\">\n\n\t\t\t\t\t\t\t<img fetchpriority=\"high\" decoding=\"async\" width=\"1000\" height=\"667\" src=\"https:\/\/car-clean-service.ch\/wp-content\/uploads\/2025\/04\/nik-phP5Qa0CauQ-unsplash-1-1024x683.jpg\" class=\"attachment-large size-large\" alt=\"\" srcset=\"https:\/\/car-clean-service.ch\/wp-content\/uploads\/2025\/04\/nik-phP5Qa0CauQ-unsplash-1-1024x683.jpg 1024w, https:\/\/car-clean-service.ch\/wp-content\/uploads\/2025\/04\/nik-phP5Qa0CauQ-unsplash-1-300x200.jpg 300w, https:\/\/car-clean-service.ch\/wp-content\/uploads\/2025\/04\/nik-phP5Qa0CauQ-unsplash-1-768x512.jpg 768w, https:\/\/car-clean-service.ch\/wp-content\/uploads\/2025\/04\/nik-phP5Qa0CauQ-unsplash-1-1536x1024.jpg 1536w, https:\/\/car-clean-service.ch\/wp-content\/uploads\/2025\/04\/nik-phP5Qa0CauQ-unsplash-1-650x433.jpg 650w, https:\/\/car-clean-service.ch\/wp-content\/uploads\/2025\/04\/nik-phP5Qa0CauQ-unsplash-1.jpg 1920w\" sizes=\"(max-width: 1000px) 100vw, 1000px\" \/>\n\t\t\t\t\t\t<\/div>\n\t\t\t\t\t\n\t\t\t\t\t<div class=\"ui-e-title-wrp\"><h4 class=\"ui-e-title\">Polieren der Karosserie<\/h4><div class='ui-e-subtitle'> Geben Sie Ihrer Karosserie durch pr\u00e4zises Polieren und Polieren wieder Glanz und Gl\u00e4tte. <\/div><\/div>\n\t\t\t\t<\/div>\n\n\t\t\t\t<div class=\"ui-e-box-content\">\n\t\t\t\t\t\n\t\t\t\t\t<div class=\"ui-e-description\">\n\t\t\t\t\t\t\t\t\t\t\t<\/div>\n\n\t\t\t\t\t\n\t\t\t\t<\/div>\n\t\t\t<\/div>\n\t\t\t\t\t\t<\/div>\n\t\t\t\t<\/div>\n\t\t\t\t<div class=\"elementor-element elementor-element-87e3417 ui-e-align-left elementor-widget__width-inherit ui-e-align-tablet-left elementor-widget-mobile__width-inherit ui-e-animation-widget-translate singleServiceBox  ui-e-align-mobile-left ui-e-top elementor-widget elementor-widget-uicore-icon-box\" data-id=\"87e3417\" data-element_type=\"widget\" data-settings=\"{&quot;content_padding&quot;:{&quot;unit&quot;:&quot;px&quot;,&quot;top&quot;:&quot;30&quot;,&quot;right&quot;:&quot;30&quot;,&quot;bottom&quot;:&quot;30&quot;,&quot;left&quot;:&quot;30&quot;,&quot;isLinked&quot;:true},&quot;content_padding_tablet&quot;:{&quot;unit&quot;:&quot;px&quot;,&quot;top&quot;:&quot;32&quot;,&quot;right&quot;:&quot;32&quot;,&quot;bottom&quot;:&quot;32&quot;,&quot;left&quot;:&quot;32&quot;,&quot;isLinked&quot;:true},&quot;content_padding_mobile&quot;:{&quot;unit&quot;:&quot;px&quot;,&quot;top&quot;:&quot;25&quot;,&quot;right&quot;:&quot;25&quot;,&quot;bottom&quot;:&quot;25&quot;,&quot;left&quot;:&quot;25&quot;,&quot;isLinked&quot;:true},&quot;position&quot;:&quot;top&quot;}\" data-widget_type=\"uicore-icon-box.default\">\n\t\t\t\t<div class=\"elementor-widget-container\">\n\t\t\t\t\t\n\t\t\t<div class=\"ui-e-ico-box\" >\n\n\t\t\t\t\n\t\t\t\t<div class='ui-e-flex-wrp'>\n\n\t\t\t\t\t\t\t\t\t\t\t<div class=\"ui-e-icon-wrp\">\n\n\t\t\t\t\t\t\t<img decoding=\"async\" width=\"1000\" height=\"667\" src=\"https:\/\/car-clean-service.ch\/wp-content\/uploads\/2025\/04\/maxim-hopman-2GqwfocQI6Q-unsplash-1024x683.jpg\" class=\"attachment-large size-large\" alt=\"\" srcset=\"https:\/\/car-clean-service.ch\/wp-content\/uploads\/2025\/04\/maxim-hopman-2GqwfocQI6Q-unsplash-1024x683.jpg 1024w, https:\/\/car-clean-service.ch\/wp-content\/uploads\/2025\/04\/maxim-hopman-2GqwfocQI6Q-unsplash-300x200.jpg 300w, https:\/\/car-clean-service.ch\/wp-content\/uploads\/2025\/04\/maxim-hopman-2GqwfocQI6Q-unsplash-768x512.jpg 768w, https:\/\/car-clean-service.ch\/wp-content\/uploads\/2025\/04\/maxim-hopman-2GqwfocQI6Q-unsplash-1536x1024.jpg 1536w, https:\/\/car-clean-service.ch\/wp-content\/uploads\/2025\/04\/maxim-hopman-2GqwfocQI6Q-unsplash-650x433.jpg 650w, https:\/\/car-clean-service.ch\/wp-content\/uploads\/2025\/04\/maxim-hopman-2GqwfocQI6Q-unsplash.jpg 1920w\" sizes=\"(max-width: 1000px) 100vw, 1000px\" \/>\n\t\t\t\t\t\t<\/div>\n\t\t\t\t\t\n\t\t\t\t\t<div class=\"ui-e-title-wrp\"><h4 class=\"ui-e-title\">Pflege und Wartung des Leders der Sitze<\/h4><div class='ui-e-subtitle'> Veredeln Sie Ihre Ledersitze mit einer n\u00e4hrenden und sch\u00fctzenden Pflege, die Komfort und Eleganz vereint. <\/div><\/div>\n\t\t\t\t<\/div>\n\n\t\t\t\t<div class=\"ui-e-box-content\">\n\t\t\t\t\t\n\t\t\t\t\t<div class=\"ui-e-description\">\n\t\t\t\t\t\t\t\t\t\t\t<\/div>\n\n\t\t\t\t\t\n\t\t\t\t<\/div>\n\t\t\t<\/div>\n\t\t\t\t\t\t<\/div>\n\t\t\t\t<\/div>\n\t\t\t\t<div class=\"elementor-element elementor-element-81960ea ui-e-align-left elementor-widget__width-inherit ui-e-align-tablet-left elementor-widget-mobile__width-inherit ui-e-animation-widget-translate singleServiceBox  ui-e-align-mobile-left ui-e-top elementor-widget elementor-widget-uicore-icon-box\" data-id=\"81960ea\" data-element_type=\"widget\" data-settings=\"{&quot;content_padding&quot;:{&quot;unit&quot;:&quot;px&quot;,&quot;top&quot;:&quot;30&quot;,&quot;right&quot;:&quot;30&quot;,&quot;bottom&quot;:&quot;30&quot;,&quot;left&quot;:&quot;30&quot;,&quot;isLinked&quot;:true},&quot;content_padding_tablet&quot;:{&quot;unit&quot;:&quot;px&quot;,&quot;top&quot;:&quot;32&quot;,&quot;right&quot;:&quot;32&quot;,&quot;bottom&quot;:&quot;32&quot;,&quot;left&quot;:&quot;32&quot;,&quot;isLinked&quot;:true},&quot;content_padding_mobile&quot;:{&quot;unit&quot;:&quot;px&quot;,&quot;top&quot;:&quot;25&quot;,&quot;right&quot;:&quot;25&quot;,&quot;bottom&quot;:&quot;25&quot;,&quot;left&quot;:&quot;25&quot;,&quot;isLinked&quot;:true},&quot;position&quot;:&quot;top&quot;}\" data-widget_type=\"uicore-icon-box.default\">\n\t\t\t\t<div class=\"elementor-widget-container\">\n\t\t\t\t\t\n\t\t\t<div class=\"ui-e-ico-box\" >\n\n\t\t\t\t\n\t\t\t\t<div class='ui-e-flex-wrp'>\n\n\t\t\t\t\t\t\t\t\t\t\t<div class=\"ui-e-icon-wrp\">\n\n\t\t\t\t\t\t\t<img decoding=\"async\" width=\"1000\" height=\"667\" src=\"https:\/\/car-clean-service.ch\/wp-content\/uploads\/2025\/04\/pexels-tima-miroshnichenko-6873100-1024x683.jpg\" class=\"attachment-large size-large\" alt=\"\" srcset=\"https:\/\/car-clean-service.ch\/wp-content\/uploads\/2025\/04\/pexels-tima-miroshnichenko-6873100-1024x683.jpg 1024w, https:\/\/car-clean-service.ch\/wp-content\/uploads\/2025\/04\/pexels-tima-miroshnichenko-6873100-300x200.jpg 300w, https:\/\/car-clean-service.ch\/wp-content\/uploads\/2025\/04\/pexels-tima-miroshnichenko-6873100-768x512.jpg 768w, https:\/\/car-clean-service.ch\/wp-content\/uploads\/2025\/04\/pexels-tima-miroshnichenko-6873100-1536x1024.jpg 1536w, https:\/\/car-clean-service.ch\/wp-content\/uploads\/2025\/04\/pexels-tima-miroshnichenko-6873100-650x433.jpg 650w, https:\/\/car-clean-service.ch\/wp-content\/uploads\/2025\/04\/pexels-tima-miroshnichenko-6873100.jpg 1920w\" sizes=\"(max-width: 1000px) 100vw, 1000px\" \/>\n\t\t\t\t\t\t<\/div>\n\t\t\t\t\t\n\t\t\t\t\t<div class=\"ui-e-title-wrp\"><h4 class=\"ui-e-title\">Vollst\u00e4ndige Desinfektion des Innenraums<\/h4><div class='ui-e-subtitle'> Sorgen Sie f\u00fcr einen gesunden Innenraum durch die Beseitigung von Bakterien und Allergenen f\u00fcr eine frische Umgebung. <\/div><\/div>\n\t\t\t\t<\/div>\n\n\t\t\t\t<div class=\"ui-e-box-content\">\n\t\t\t\t\t\n\t\t\t\t\t<div class=\"ui-e-description\">\n\t\t\t\t\t\t\t\t\t\t\t<\/div>\n\n\t\t\t\t\t\n\t\t\t\t<\/div>\n\t\t\t<\/div>\n\t\t\t\t\t\t<\/div>\n\t\t\t\t<\/div>\n\t\t\t\t<div class=\"elementor-element elementor-element-738f10e ui-e-align-left elementor-widget__width-inherit ui-e-align-tablet-left elementor-widget-mobile__width-inherit ui-e-animation-widget-translate singleServiceBox  ui-e-align-mobile-left ui-e-top elementor-widget elementor-widget-uicore-icon-box\" data-id=\"738f10e\" data-element_type=\"widget\" data-settings=\"{&quot;content_padding&quot;:{&quot;unit&quot;:&quot;px&quot;,&quot;top&quot;:&quot;30&quot;,&quot;right&quot;:&quot;30&quot;,&quot;bottom&quot;:&quot;30&quot;,&quot;left&quot;:&quot;30&quot;,&quot;isLinked&quot;:true},&quot;content_padding_tablet&quot;:{&quot;unit&quot;:&quot;px&quot;,&quot;top&quot;:&quot;32&quot;,&quot;right&quot;:&quot;32&quot;,&quot;bottom&quot;:&quot;32&quot;,&quot;left&quot;:&quot;32&quot;,&quot;isLinked&quot;:true},&quot;content_padding_mobile&quot;:{&quot;unit&quot;:&quot;px&quot;,&quot;top&quot;:&quot;25&quot;,&quot;right&quot;:&quot;25&quot;,&quot;bottom&quot;:&quot;25&quot;,&quot;left&quot;:&quot;25&quot;,&quot;isLinked&quot;:true},&quot;position&quot;:&quot;top&quot;}\" data-widget_type=\"uicore-icon-box.default\">\n\t\t\t\t<div class=\"elementor-widget-container\">\n\t\t\t\t\t\n\t\t\t<div class=\"ui-e-ico-box\" >\n\n\t\t\t\t\n\t\t\t\t<div class='ui-e-flex-wrp'>\n\n\t\t\t\t\t\t\t\t\t\t\t<div class=\"ui-e-icon-wrp\">\n\n\t\t\t\t\t\t\t<img loading=\"lazy\" decoding=\"async\" width=\"1000\" height=\"667\" src=\"https:\/\/car-clean-service.ch\/wp-content\/uploads\/2025\/04\/pexels-tima-miroshnichenko-6872150-1024x683.jpg\" class=\"attachment-large size-large\" alt=\"\" srcset=\"https:\/\/car-clean-service.ch\/wp-content\/uploads\/2025\/04\/pexels-tima-miroshnichenko-6872150-1024x683.jpg 1024w, https:\/\/car-clean-service.ch\/wp-content\/uploads\/2025\/04\/pexels-tima-miroshnichenko-6872150-300x200.jpg 300w, https:\/\/car-clean-service.ch\/wp-content\/uploads\/2025\/04\/pexels-tima-miroshnichenko-6872150-768x512.jpg 768w, https:\/\/car-clean-service.ch\/wp-content\/uploads\/2025\/04\/pexels-tima-miroshnichenko-6872150-1536x1024.jpg 1536w, https:\/\/car-clean-service.ch\/wp-content\/uploads\/2025\/04\/pexels-tima-miroshnichenko-6872150-650x433.jpg 650w, https:\/\/car-clean-service.ch\/wp-content\/uploads\/2025\/04\/pexels-tima-miroshnichenko-6872150.jpg 1920w\" sizes=\"(max-width: 1000px) 100vw, 1000px\" \/>\n\t\t\t\t\t\t<\/div>\n\t\t\t\t\t\n\t\t\t\t\t<div class=\"ui-e-title-wrp\"><h4 class=\"ui-e-title\">Injektions-Extraktionsverfahren (Tierhaare, etc.)<\/h4><div class='ui-e-subtitle'> Entfernen Sie Tierhaare und Schmutz effektiv mit unserer Injektions-Extraktions-Methode. <\/div><\/div>\n\t\t\t\t<\/div>\n\n\t\t\t\t<div class=\"ui-e-box-content\">\n\t\t\t\t\t\n\t\t\t\t\t<div class=\"ui-e-description\">\n\t\t\t\t\t\t\t\t\t\t\t<\/div>\n\n\t\t\t\t\t\n\t\t\t\t<\/div>\n\t\t\t<\/div>\n\t\t\t\t\t\t<\/div>\n\t\t\t\t<\/div>\n\t\t\t\t<div class=\"elementor-element elementor-element-87256ce ui-e-align-left elementor-widget__width-inherit ui-e-align-tablet-left elementor-widget-mobile__width-inherit ui-e-animation-widget-translate singleServiceBox  ui-e-align-mobile-left ui-e-top elementor-widget elementor-widget-uicore-icon-box\" data-id=\"87256ce\" data-element_type=\"widget\" data-settings=\"{&quot;content_padding&quot;:{&quot;unit&quot;:&quot;px&quot;,&quot;top&quot;:&quot;30&quot;,&quot;right&quot;:&quot;30&quot;,&quot;bottom&quot;:&quot;30&quot;,&quot;left&quot;:&quot;30&quot;,&quot;isLinked&quot;:true},&quot;content_padding_tablet&quot;:{&quot;unit&quot;:&quot;px&quot;,&quot;top&quot;:&quot;32&quot;,&quot;right&quot;:&quot;32&quot;,&quot;bottom&quot;:&quot;32&quot;,&quot;left&quot;:&quot;32&quot;,&quot;isLinked&quot;:true},&quot;content_padding_mobile&quot;:{&quot;unit&quot;:&quot;px&quot;,&quot;top&quot;:&quot;25&quot;,&quot;right&quot;:&quot;25&quot;,&quot;bottom&quot;:&quot;25&quot;,&quot;left&quot;:&quot;25&quot;,&quot;isLinked&quot;:true},&quot;position&quot;:&quot;top&quot;}\" data-widget_type=\"uicore-icon-box.default\">\n\t\t\t\t<div class=\"elementor-widget-container\">\n\t\t\t\t\t\n\t\t\t<div class=\"ui-e-ico-box\" >\n\n\t\t\t\t\n\t\t\t\t<div class='ui-e-flex-wrp'>\n\n\t\t\t\t\t\t\t\t\t\t\t<div class=\"ui-e-icon-wrp\">\n\n\t\t\t\t\t\t\t<img loading=\"lazy\" decoding=\"async\" width=\"1000\" height=\"667\" src=\"https:\/\/car-clean-service.ch\/wp-content\/uploads\/2025\/04\/hossein-soltanloo-gIjmCMd9AKk-unsplash-1024x683.jpg\" class=\"attachment-large size-large\" alt=\"\" srcset=\"https:\/\/car-clean-service.ch\/wp-content\/uploads\/2025\/04\/hossein-soltanloo-gIjmCMd9AKk-unsplash-1024x683.jpg 1024w, https:\/\/car-clean-service.ch\/wp-content\/uploads\/2025\/04\/hossein-soltanloo-gIjmCMd9AKk-unsplash-300x200.jpg 300w, https:\/\/car-clean-service.ch\/wp-content\/uploads\/2025\/04\/hossein-soltanloo-gIjmCMd9AKk-unsplash-768x512.jpg 768w, https:\/\/car-clean-service.ch\/wp-content\/uploads\/2025\/04\/hossein-soltanloo-gIjmCMd9AKk-unsplash-1536x1024.jpg 1536w, https:\/\/car-clean-service.ch\/wp-content\/uploads\/2025\/04\/hossein-soltanloo-gIjmCMd9AKk-unsplash-650x433.jpg 650w, https:\/\/car-clean-service.ch\/wp-content\/uploads\/2025\/04\/hossein-soltanloo-gIjmCMd9AKk-unsplash.jpg 1920w\" sizes=\"(max-width: 1000px) 100vw, 1000px\" \/>\n\t\t\t\t\t\t<\/div>\n\t\t\t\t\t\n\t\t\t\t\t<div class=\"ui-e-title-wrp\"><h4 class=\"ui-e-title\">Behandlung der Windschutzscheibe (Anti-Regen)<\/h4><div class='ui-e-subtitle'> Verbessern Sie Ihre Sicht und Sicherheit mit einer dauerhaft regenabweisenden Windschutzscheibe. <\/div><\/div>\n\t\t\t\t<\/div>\n\n\t\t\t\t<div class=\"ui-e-box-content\">\n\t\t\t\t\t\n\t\t\t\t\t<div class=\"ui-e-description\">\n\t\t\t\t\t\t\t\t\t\t\t<\/div>\n\n\t\t\t\t\t\n\t\t\t\t<\/div>\n\t\t\t<\/div>\n\t\t\t\t\t\t<\/div>\n\t\t\t\t<\/div>\n\t\t\t\t<div class=\"elementor-element elementor-element-6249a12 ui-e-align-left elementor-widget__width-inherit ui-e-align-tablet-left elementor-widget-mobile__width-inherit ui-e-animation-widget-translate singleServiceBox  ui-e-align-mobile-left ui-e-top elementor-widget elementor-widget-uicore-icon-box\" data-id=\"6249a12\" data-element_type=\"widget\" data-settings=\"{&quot;content_padding&quot;:{&quot;unit&quot;:&quot;px&quot;,&quot;top&quot;:&quot;30&quot;,&quot;right&quot;:&quot;30&quot;,&quot;bottom&quot;:&quot;30&quot;,&quot;left&quot;:&quot;30&quot;,&quot;isLinked&quot;:true},&quot;content_padding_tablet&quot;:{&quot;unit&quot;:&quot;px&quot;,&quot;top&quot;:&quot;32&quot;,&quot;right&quot;:&quot;32&quot;,&quot;bottom&quot;:&quot;32&quot;,&quot;left&quot;:&quot;32&quot;,&quot;isLinked&quot;:true},&quot;content_padding_mobile&quot;:{&quot;unit&quot;:&quot;px&quot;,&quot;top&quot;:&quot;25&quot;,&quot;right&quot;:&quot;25&quot;,&quot;bottom&quot;:&quot;25&quot;,&quot;left&quot;:&quot;25&quot;,&quot;isLinked&quot;:true},&quot;position&quot;:&quot;top&quot;}\" data-widget_type=\"uicore-icon-box.default\">\n\t\t\t\t<div class=\"elementor-widget-container\">\n\t\t\t\t\t\n\t\t\t<div class=\"ui-e-ico-box\" >\n\n\t\t\t\t\n\t\t\t\t<div class='ui-e-flex-wrp'>\n\n\t\t\t\t\t\t\t\t\t\t\t<div class=\"ui-e-icon-wrp\">\n\n\t\t\t\t\t\t\t<img loading=\"lazy\" decoding=\"async\" width=\"1000\" height=\"668\" src=\"https:\/\/car-clean-service.ch\/wp-content\/uploads\/2025\/04\/matthias-bauml-kW3hGTgeXFs-unsplash-1024x684.jpg\" class=\"attachment-large size-large\" alt=\"\" srcset=\"https:\/\/car-clean-service.ch\/wp-content\/uploads\/2025\/04\/matthias-bauml-kW3hGTgeXFs-unsplash-1024x684.jpg 1024w, https:\/\/car-clean-service.ch\/wp-content\/uploads\/2025\/04\/matthias-bauml-kW3hGTgeXFs-unsplash-300x200.jpg 300w, https:\/\/car-clean-service.ch\/wp-content\/uploads\/2025\/04\/matthias-bauml-kW3hGTgeXFs-unsplash-768x513.jpg 768w, https:\/\/car-clean-service.ch\/wp-content\/uploads\/2025\/04\/matthias-bauml-kW3hGTgeXFs-unsplash-1536x1026.jpg 1536w, https:\/\/car-clean-service.ch\/wp-content\/uploads\/2025\/04\/matthias-bauml-kW3hGTgeXFs-unsplash-650x434.jpg 650w, https:\/\/car-clean-service.ch\/wp-content\/uploads\/2025\/04\/matthias-bauml-kW3hGTgeXFs-unsplash.jpg 1920w\" sizes=\"(max-width: 1000px) 100vw, 1000px\" \/>\n\t\t\t\t\t\t<\/div>\n\t\t\t\t\t\n\t\t\t\t\t<div class=\"ui-e-title-wrp\"><h4 class=\"ui-e-title\">Renovierung synthetischer Scheinwerfer<\/h4><div class='ui-e-subtitle'> Geben Sie Ihren synthetischen Scheinwerfern mit unserem Renovierungsservice wieder Klarheit und Leistung.   <\/div><\/div>\n\t\t\t\t<\/div>\n\n\t\t\t\t<div class=\"ui-e-box-content\">\n\t\t\t\t\t\n\t\t\t\t\t<div class=\"ui-e-description\">\n\t\t\t\t\t\t\t\t\t\t\t<\/div>\n\n\t\t\t\t\t\n\t\t\t\t<\/div>\n\t\t\t<\/div>\n\t\t\t\t\t\t<\/div>\n\t\t\t\t<\/div>\n\t\t\t\t<div class=\"elementor-element elementor-element-1e10fdf ui-e-align-left elementor-widget__width-inherit ui-e-align-tablet-left elementor-widget-mobile__width-inherit ui-e-animation-widget-translate singleServiceBox  ui-e-align-mobile-left ui-e-top elementor-widget elementor-widget-uicore-icon-box\" data-id=\"1e10fdf\" data-element_type=\"widget\" data-settings=\"{&quot;content_padding&quot;:{&quot;unit&quot;:&quot;px&quot;,&quot;top&quot;:&quot;30&quot;,&quot;right&quot;:&quot;30&quot;,&quot;bottom&quot;:&quot;30&quot;,&quot;left&quot;:&quot;30&quot;,&quot;isLinked&quot;:true},&quot;content_padding_tablet&quot;:{&quot;unit&quot;:&quot;px&quot;,&quot;top&quot;:&quot;32&quot;,&quot;right&quot;:&quot;32&quot;,&quot;bottom&quot;:&quot;32&quot;,&quot;left&quot;:&quot;32&quot;,&quot;isLinked&quot;:true},&quot;content_padding_mobile&quot;:{&quot;unit&quot;:&quot;px&quot;,&quot;top&quot;:&quot;25&quot;,&quot;right&quot;:&quot;25&quot;,&quot;bottom&quot;:&quot;25&quot;,&quot;left&quot;:&quot;25&quot;,&quot;isLinked&quot;:true},&quot;position&quot;:&quot;top&quot;}\" data-widget_type=\"uicore-icon-box.default\">\n\t\t\t\t<div class=\"elementor-widget-container\">\n\t\t\t\t\t\n\t\t\t<div class=\"ui-e-ico-box\" >\n\n\t\t\t\t\n\t\t\t\t<div class='ui-e-flex-wrp'>\n\n\t\t\t\t\t\t\t\t\t\t\t<div class=\"ui-e-icon-wrp\">\n\n\t\t\t\t\t\t\t<img loading=\"lazy\" decoding=\"async\" width=\"1000\" height=\"563\" src=\"https:\/\/car-clean-service.ch\/wp-content\/uploads\/2025\/04\/kate-ibragimova-bEGTsOCnHro-unsplash-1-1024x576.jpg\" class=\"attachment-large size-large\" alt=\"\" srcset=\"https:\/\/car-clean-service.ch\/wp-content\/uploads\/2025\/04\/kate-ibragimova-bEGTsOCnHro-unsplash-1-1024x576.jpg 1024w, https:\/\/car-clean-service.ch\/wp-content\/uploads\/2025\/04\/kate-ibragimova-bEGTsOCnHro-unsplash-1-300x169.jpg 300w, https:\/\/car-clean-service.ch\/wp-content\/uploads\/2025\/04\/kate-ibragimova-bEGTsOCnHro-unsplash-1-768x432.jpg 768w, https:\/\/car-clean-service.ch\/wp-content\/uploads\/2025\/04\/kate-ibragimova-bEGTsOCnHro-unsplash-1-1536x864.jpg 1536w, https:\/\/car-clean-service.ch\/wp-content\/uploads\/2025\/04\/kate-ibragimova-bEGTsOCnHro-unsplash-1-650x366.jpg 650w, https:\/\/car-clean-service.ch\/wp-content\/uploads\/2025\/04\/kate-ibragimova-bEGTsOCnHro-unsplash-1.jpg 1920w\" sizes=\"(max-width: 1000px) 100vw, 1000px\" \/>\n\t\t\t\t\t\t<\/div>\n\t\t\t\t\t\n\t\t\t\t\t<div class=\"ui-e-title-wrp\"><h4 class=\"ui-e-title\">MOTOR UND MOTORRAUMREINIGUNG<\/h4><div class='ui-e-subtitle'> Optimieren Sie die Sauberkeit Ihres Motors und sorgen Sie f\u00fcr einen gepflegten Motorraum wodurch Unregelm\u00e4ssigkeiten schneller erkennbar sind. Gleichzeitig reduzieren Sie das Risiko von Sch\u00e4den durch Nagetiere wie Marder oder Wiesel. <\/div><\/div>\n\t\t\t\t<\/div>\n\n\t\t\t\t<div class=\"ui-e-box-content\">\n\t\t\t\t\t\n\t\t\t\t\t<div class=\"ui-e-description\">\n\t\t\t\t\t\t\t\t\t\t\t<\/div>\n\n\t\t\t\t\t\n\t\t\t\t<\/div>\n\t\t\t<\/div>\n\t\t\t\t\t\t<\/div>\n\t\t\t\t<\/div>\n\t\t\t\t<\/div>\n\t\t\t\t<\/div>\n\t\t\t\t\t<\/div>\n\t\t\t\t<\/div>\n\t\t\t\t<\/div>\n\t\t","protected":false},"excerpt":{"rendered":"<p>Spezialreinigungen unsere Dienstleistungen Kontaktieren Sie uns Informationen: Die Preise sind nicht fest. Der Preis f\u00fcr diese Dienstleistung h\u00e4ngt vom Fahrzeugmodell, seinen Eigenschaften [&hellip;]<\/p>\n","protected":false},"author":1,"featured_media":0,"parent":0,"menu_order":0,"comment_status":"closed","ping_status":"closed","template":"","meta":{"_acf_changed":false,"footnotes":""},"class_list":["post-1952","page","type-page","status-publish","hentry"],"acf":[],"_links":{"self":[{"href":"https:\/\/car-clean-service.ch\/de\/wp-json\/wp\/v2\/pages\/1952","targetHints":{"allow":["GET"]}}],"collection":[{"href":"https:\/\/car-clean-service.ch\/de\/wp-json\/wp\/v2\/pages"}],"about":[{"href":"https:\/\/car-clean-service.ch\/de\/wp-json\/wp\/v2\/types\/page"}],"author":[{"embeddable":true,"href":"https:\/\/car-clean-service.ch\/de\/wp-json\/wp\/v2\/users\/1"}],"replies":[{"embeddable":true,"href":"https:\/\/car-clean-service.ch\/de\/wp-json\/wp\/v2\/comments?post=1952"}],"version-history":[{"count":20,"href":"https:\/\/car-clean-service.ch\/de\/wp-json\/wp\/v2\/pages\/1952\/revisions"}],"predecessor-version":[{"id":2420,"href":"https:\/\/car-clean-service.ch\/de\/wp-json\/wp\/v2\/pages\/1952\/revisions\/2420"}],"wp:attachment":[{"href":"https:\/\/car-clean-service.ch\/de\/wp-json\/wp\/v2\/media?parent=1952"}],"curies":[{"name":"wp","href":"https:\/\/api.w.org\/{rel}","templated":true}]}}