{"id":1950,"date":"2025-04-09T12:22:45","date_gmt":"2025-04-09T12:22:45","guid":{"rendered":"https:\/\/car-clean-service.ch\/wartung-und-kleine-mechanische-arbeiten\/"},"modified":"2026-02-24T16:52:36","modified_gmt":"2026-02-24T16:52:36","slug":"wartung-und-kleine-mechanische-arbeiten","status":"publish","type":"page","link":"https:\/\/car-clean-service.ch\/de\/wartung-und-kleine-mechanische-arbeiten\/","title":{"rendered":"Fahrzeugwartung und kleinere reparaturen"},"content":{"rendered":"\t\t<div data-elementor-type=\"wp-page\" data-elementor-id=\"1950\" class=\"elementor elementor-1950 elementor-601\" data-elementor-settings=\"{&quot;element_pack_global_tooltip_width&quot;:{&quot;unit&quot;:&quot;px&quot;,&quot;size&quot;:&quot;&quot;,&quot;sizes&quot;:[]},&quot;element_pack_global_tooltip_width_tablet&quot;:{&quot;unit&quot;:&quot;px&quot;,&quot;size&quot;:&quot;&quot;,&quot;sizes&quot;:[]},&quot;element_pack_global_tooltip_width_mobile&quot;:{&quot;unit&quot;:&quot;px&quot;,&quot;size&quot;:&quot;&quot;,&quot;sizes&quot;:[]},&quot;element_pack_global_tooltip_padding&quot;:{&quot;unit&quot;:&quot;px&quot;,&quot;top&quot;:&quot;&quot;,&quot;right&quot;:&quot;&quot;,&quot;bottom&quot;:&quot;&quot;,&quot;left&quot;:&quot;&quot;,&quot;isLinked&quot;:true},&quot;element_pack_global_tooltip_padding_tablet&quot;:{&quot;unit&quot;:&quot;px&quot;,&quot;top&quot;:&quot;&quot;,&quot;right&quot;:&quot;&quot;,&quot;bottom&quot;:&quot;&quot;,&quot;left&quot;:&quot;&quot;,&quot;isLinked&quot;:true},&quot;element_pack_global_tooltip_padding_mobile&quot;:{&quot;unit&quot;:&quot;px&quot;,&quot;top&quot;:&quot;&quot;,&quot;right&quot;:&quot;&quot;,&quot;bottom&quot;:&quot;&quot;,&quot;left&quot;:&quot;&quot;,&quot;isLinked&quot;:true},&quot;element_pack_global_tooltip_border_radius&quot;:{&quot;unit&quot;:&quot;px&quot;,&quot;top&quot;:&quot;&quot;,&quot;right&quot;:&quot;&quot;,&quot;bottom&quot;:&quot;&quot;,&quot;left&quot;:&quot;&quot;,&quot;isLinked&quot;:true},&quot;element_pack_global_tooltip_border_radius_tablet&quot;:{&quot;unit&quot;:&quot;px&quot;,&quot;top&quot;:&quot;&quot;,&quot;right&quot;:&quot;&quot;,&quot;bottom&quot;:&quot;&quot;,&quot;left&quot;:&quot;&quot;,&quot;isLinked&quot;:true},&quot;element_pack_global_tooltip_border_radius_mobile&quot;:{&quot;unit&quot;:&quot;px&quot;,&quot;top&quot;:&quot;&quot;,&quot;right&quot;:&quot;&quot;,&quot;bottom&quot;:&quot;&quot;,&quot;left&quot;:&quot;&quot;,&quot;isLinked&quot;:true}}\">\n\t\t\t\t<div class=\"elementor-element elementor-element-2a943d5 e-flex e-con-boxed e-con e-parent\" data-id=\"2a943d5\" data-element_type=\"container\" id=\"services\" data-settings=\"{&quot;background_background&quot;:&quot;classic&quot;}\">\n\t\t\t\t\t<div class=\"e-con-inner\">\n\t\t<div class=\"elementor-element elementor-element-4a08d29 e-con-full e-flex e-con e-child\" data-id=\"4a08d29\" data-element_type=\"container\">\n\t\t\t\t<div class=\"elementor-element elementor-element-3c70d0b elementor-widget elementor-widget-heading\" data-id=\"3c70d0b\" data-element_type=\"widget\" data-widget_type=\"heading.default\">\n\t\t\t\t<div class=\"elementor-widget-container\">\n\t\t\t\t\t<h4 class=\"elementor-heading-title elementor-size-default\">kleine Mechanik<\/h4>\t\t\t\t<\/div>\n\t\t\t\t<\/div>\n\t\t<div class=\"elementor-element elementor-element-a5ea43a e-con-full e-flex e-con e-child\" data-id=\"a5ea43a\" data-element_type=\"container\">\n\t\t\t\t<div class=\"elementor-element elementor-element-c8d31ca elementor-widget__width-initial elementor-widget elementor-widget-heading\" data-id=\"c8d31ca\" data-element_type=\"widget\" data-widget_type=\"heading.default\">\n\t\t\t\t<div class=\"elementor-widget-container\">\n\t\t\t\t\t<h2 class=\"elementor-heading-title elementor-size-default\">unsere Dienstleistungen<\/h2>\t\t\t\t<\/div>\n\t\t\t\t<\/div>\n\t\t\t\t<div class=\"elementor-element elementor-element-e112d91 elementor-invisible elementor-widget elementor-widget-button\" data-id=\"e112d91\" data-element_type=\"widget\" data-settings=\"{&quot;_animation_delay&quot;:&quot;800&quot;,&quot;_animation&quot;:&quot;fadeInLeft&quot;}\" data-widget_type=\"button.default\">\n\t\t\t\t<div class=\"elementor-widget-container\">\n\t\t\t\t\t\t\t\t\t<div class=\"elementor-button-wrapper\">\n\t\t\t\t\t<a class=\"elementor-button elementor-button-link elementor-size-sm\" href=\"\/de\/contact\/\">\n\t\t\t\t\t\t<span class=\"elementor-button-content-wrapper\">\n\t\t\t\t\t\t<span class=\"elementor-button-icon\">\n\t\t\t\t<i aria-hidden=\"true\" class=\"ti ti-angle-right\"><\/i>\t\t\t<\/span>\n\t\t\t\t\t\t\t\t\t<span class=\"elementor-button-text\">Kontaktieren Sie uns<\/span>\n\t\t\t\t\t<\/span>\n\t\t\t\t\t<\/a>\n\t\t\t\t<\/div>\n\t\t\t\t\t\t\t\t<\/div>\n\t\t\t\t<\/div>\n\t\t\t\t<\/div>\n\t\t<div class=\"elementor-element elementor-element-d417c7f e-con-full e-flex e-con e-child\" data-id=\"d417c7f\" data-element_type=\"container\">\n\t\t\t\t<div class=\"elementor-element elementor-element-186b057 elementor-widget__width-initial elementor-widget elementor-widget-heading\" data-id=\"186b057\" data-element_type=\"widget\" data-widget_type=\"heading.default\">\n\t\t\t\t<div class=\"elementor-widget-container\">\n\t\t\t\t\t<p class=\"elementor-heading-title elementor-size-default\"><strong style=\"color: #D8273D\">Informationen zu unseren Preisen <\/strong> \n<\/br><\/br>\nDie Preise f\u00fcr unsere Dienstleistungen sind nicht pauschal festgelegt. Sie richten sich nach dem jeweiligen Fahrzeugmodell, dessen spezifischen Eigenschaften und der f\u00fcr den Aufwand erforderlichen Zeit ab.\n<\/br><\/br>\nSelbstverst\u00e4ndlich erhalten Sie vor Beginn der Arbeiten einen individuellen Kostenvoranschlag.\n<\/p>\t\t\t\t<\/div>\n\t\t\t\t<\/div>\n\t\t\t\t<\/div>\n\t\t<div class=\"elementor-element elementor-element-b1e1e13 e-con-full e-grid e-con e-child\" data-id=\"b1e1e13\" data-element_type=\"container\">\n\t\t\t\t<div class=\"elementor-element elementor-element-b14833c ui-e-align-left elementor-widget__width-inherit ui-e-align-tablet-left elementor-widget-mobile__width-inherit ui-e-animation-widget-translate singleServiceBox  ui-e-align-mobile-left ui-e-top elementor-widget elementor-widget-uicore-icon-box\" data-id=\"b14833c\" data-element_type=\"widget\" data-settings=\"{&quot;content_padding&quot;:{&quot;unit&quot;:&quot;px&quot;,&quot;top&quot;:&quot;30&quot;,&quot;right&quot;:&quot;30&quot;,&quot;bottom&quot;:&quot;30&quot;,&quot;left&quot;:&quot;30&quot;,&quot;isLinked&quot;:true},&quot;content_padding_tablet&quot;:{&quot;unit&quot;:&quot;px&quot;,&quot;top&quot;:&quot;32&quot;,&quot;right&quot;:&quot;32&quot;,&quot;bottom&quot;:&quot;32&quot;,&quot;left&quot;:&quot;32&quot;,&quot;isLinked&quot;:true},&quot;content_padding_mobile&quot;:{&quot;unit&quot;:&quot;px&quot;,&quot;top&quot;:&quot;25&quot;,&quot;right&quot;:&quot;25&quot;,&quot;bottom&quot;:&quot;25&quot;,&quot;left&quot;:&quot;25&quot;,&quot;isLinked&quot;:true},&quot;position&quot;:&quot;top&quot;}\" data-widget_type=\"uicore-icon-box.default\">\n\t\t\t\t<div class=\"elementor-widget-container\">\n\t\t\t\t\t\n\t\t\t<div class=\"ui-e-ico-box\" >\n\n\t\t\t\t\n\t\t\t\t<div class='ui-e-flex-wrp'>\n\n\t\t\t\t\t\t\t\t\t\t\t<div class=\"ui-e-icon-wrp\">\n\n\t\t\t\t\t\t\t<img fetchpriority=\"high\" decoding=\"async\" width=\"1000\" height=\"657\" src=\"https:\/\/car-clean-service.ch\/wp-content\/uploads\/2025\/04\/pexels-olly-3807695-1024x673.jpg\" class=\"attachment-large size-large\" alt=\"\" srcset=\"https:\/\/car-clean-service.ch\/wp-content\/uploads\/2025\/04\/pexels-olly-3807695-1024x673.jpg 1024w, https:\/\/car-clean-service.ch\/wp-content\/uploads\/2025\/04\/pexels-olly-3807695-300x197.jpg 300w, https:\/\/car-clean-service.ch\/wp-content\/uploads\/2025\/04\/pexels-olly-3807695-768x505.jpg 768w, https:\/\/car-clean-service.ch\/wp-content\/uploads\/2025\/04\/pexels-olly-3807695-1536x1010.jpg 1536w, https:\/\/car-clean-service.ch\/wp-content\/uploads\/2025\/04\/pexels-olly-3807695-650x427.jpg 650w, https:\/\/car-clean-service.ch\/wp-content\/uploads\/2025\/04\/pexels-olly-3807695.jpg 1920w\" sizes=\"(max-width: 1000px) 100vw, 1000px\" \/>\n\t\t\t\t\t\t<\/div>\n\t\t\t\t\t\n\t\t\t\t\t<div class=\"ui-e-title-wrp\"><h4 class=\"ui-e-title\">R\u00c4DERMONTEGESERVICE<\/h4><div class='ui-e-subtitle'> Montage Ihrer Komplettr\u00e4der f\u00fcr optimale Strassenlage. <\/div><\/div>\n\t\t\t\t<\/div>\n\n\t\t\t\t<div class=\"ui-e-box-content\">\n\t\t\t\t\t\n\t\t\t\t\t<div class=\"ui-e-description\">\n\t\t\t\t\t\t\t\t\t\t\t<\/div>\n\n\t\t\t\t\t\n\t\t\t\t<\/div>\n\t\t\t<\/div>\n\t\t\t\t\t\t<\/div>\n\t\t\t\t<\/div>\n\t\t\t\t<div class=\"elementor-element elementor-element-a112712 ui-e-align-left elementor-widget__width-inherit ui-e-align-tablet-left elementor-widget-mobile__width-inherit ui-e-animation-widget-translate singleServiceBox  ui-e-align-mobile-left ui-e-top elementor-widget elementor-widget-uicore-icon-box\" data-id=\"a112712\" data-element_type=\"widget\" data-settings=\"{&quot;content_padding&quot;:{&quot;unit&quot;:&quot;px&quot;,&quot;top&quot;:&quot;30&quot;,&quot;right&quot;:&quot;30&quot;,&quot;bottom&quot;:&quot;30&quot;,&quot;left&quot;:&quot;30&quot;,&quot;isLinked&quot;:true},&quot;content_padding_tablet&quot;:{&quot;unit&quot;:&quot;px&quot;,&quot;top&quot;:&quot;32&quot;,&quot;right&quot;:&quot;32&quot;,&quot;bottom&quot;:&quot;32&quot;,&quot;left&quot;:&quot;32&quot;,&quot;isLinked&quot;:true},&quot;content_padding_mobile&quot;:{&quot;unit&quot;:&quot;px&quot;,&quot;top&quot;:&quot;25&quot;,&quot;right&quot;:&quot;25&quot;,&quot;bottom&quot;:&quot;25&quot;,&quot;left&quot;:&quot;25&quot;,&quot;isLinked&quot;:true},&quot;position&quot;:&quot;top&quot;}\" data-widget_type=\"uicore-icon-box.default\">\n\t\t\t\t<div class=\"elementor-widget-container\">\n\t\t\t\t\t\n\t\t\t<div class=\"ui-e-ico-box\" >\n\n\t\t\t\t\n\t\t\t\t<div class='ui-e-flex-wrp'>\n\n\t\t\t\t\t\t\t\t\t\t\t<div class=\"ui-e-icon-wrp\">\n\n\t\t\t\t\t\t\t<img decoding=\"async\" width=\"1000\" height=\"667\" src=\"https:\/\/car-clean-service.ch\/wp-content\/uploads\/2025\/04\/shashivarman-Hb8eyZhZSIE-unsplash-1024x683.jpg\" class=\"attachment-large size-large\" alt=\"\" srcset=\"https:\/\/car-clean-service.ch\/wp-content\/uploads\/2025\/04\/shashivarman-Hb8eyZhZSIE-unsplash-1024x683.jpg 1024w, https:\/\/car-clean-service.ch\/wp-content\/uploads\/2025\/04\/shashivarman-Hb8eyZhZSIE-unsplash-300x200.jpg 300w, https:\/\/car-clean-service.ch\/wp-content\/uploads\/2025\/04\/shashivarman-Hb8eyZhZSIE-unsplash-768x512.jpg 768w, https:\/\/car-clean-service.ch\/wp-content\/uploads\/2025\/04\/shashivarman-Hb8eyZhZSIE-unsplash-1536x1024.jpg 1536w, https:\/\/car-clean-service.ch\/wp-content\/uploads\/2025\/04\/shashivarman-Hb8eyZhZSIE-unsplash-650x433.jpg 650w, https:\/\/car-clean-service.ch\/wp-content\/uploads\/2025\/04\/shashivarman-Hb8eyZhZSIE-unsplash.jpg 1920w\" sizes=\"(max-width: 1000px) 100vw, 1000px\" \/>\n\t\t\t\t\t\t<\/div>\n\t\t\t\t\t\n\t\t\t\t\t<div class=\"ui-e-title-wrp\"><h4 class=\"ui-e-title\">FELGENREPARATUR<\/h4><div class='ui-e-subtitle'> Reparatur und Instandsetzung besch\u00e4digter Felgen, damit sie wieder wie neu aussehen. <\/div><\/div>\n\t\t\t\t<\/div>\n\n\t\t\t\t<div class=\"ui-e-box-content\">\n\t\t\t\t\t\n\t\t\t\t\t<div class=\"ui-e-description\">\n\t\t\t\t\t\t\t\t\t\t\t<\/div>\n\n\t\t\t\t\t\n\t\t\t\t<\/div>\n\t\t\t<\/div>\n\t\t\t\t\t\t<\/div>\n\t\t\t\t<\/div>\n\t\t\t\t<div class=\"elementor-element elementor-element-7454cac ui-e-align-left elementor-widget__width-inherit ui-e-align-tablet-left elementor-widget-mobile__width-inherit ui-e-animation-widget-translate singleServiceBox  ui-e-align-mobile-left ui-e-top elementor-widget elementor-widget-uicore-icon-box\" data-id=\"7454cac\" data-element_type=\"widget\" data-settings=\"{&quot;content_padding&quot;:{&quot;unit&quot;:&quot;px&quot;,&quot;top&quot;:&quot;30&quot;,&quot;right&quot;:&quot;30&quot;,&quot;bottom&quot;:&quot;30&quot;,&quot;left&quot;:&quot;30&quot;,&quot;isLinked&quot;:true},&quot;content_padding_tablet&quot;:{&quot;unit&quot;:&quot;px&quot;,&quot;top&quot;:&quot;32&quot;,&quot;right&quot;:&quot;32&quot;,&quot;bottom&quot;:&quot;32&quot;,&quot;left&quot;:&quot;32&quot;,&quot;isLinked&quot;:true},&quot;content_padding_mobile&quot;:{&quot;unit&quot;:&quot;px&quot;,&quot;top&quot;:&quot;25&quot;,&quot;right&quot;:&quot;25&quot;,&quot;bottom&quot;:&quot;25&quot;,&quot;left&quot;:&quot;25&quot;,&quot;isLinked&quot;:true},&quot;position&quot;:&quot;top&quot;}\" data-widget_type=\"uicore-icon-box.default\">\n\t\t\t\t<div class=\"elementor-widget-container\">\n\t\t\t\t\t\n\t\t\t<div class=\"ui-e-ico-box\" >\n\n\t\t\t\t\n\t\t\t\t<div class='ui-e-flex-wrp'>\n\n\t\t\t\t\t\t\t\t\t\t\t<div class=\"ui-e-icon-wrp\">\n\n\t\t\t\t\t\t\t<img decoding=\"async\" width=\"1000\" height=\"668\" src=\"https:\/\/car-clean-service.ch\/wp-content\/uploads\/2025\/04\/serjan-midili-TLN3xVy3WVM-unsplash-1024x684.jpg\" class=\"attachment-large size-large\" alt=\"\" srcset=\"https:\/\/car-clean-service.ch\/wp-content\/uploads\/2025\/04\/serjan-midili-TLN3xVy3WVM-unsplash-1024x684.jpg 1024w, https:\/\/car-clean-service.ch\/wp-content\/uploads\/2025\/04\/serjan-midili-TLN3xVy3WVM-unsplash-300x200.jpg 300w, https:\/\/car-clean-service.ch\/wp-content\/uploads\/2025\/04\/serjan-midili-TLN3xVy3WVM-unsplash-768x513.jpg 768w, https:\/\/car-clean-service.ch\/wp-content\/uploads\/2025\/04\/serjan-midili-TLN3xVy3WVM-unsplash-1536x1026.jpg 1536w, https:\/\/car-clean-service.ch\/wp-content\/uploads\/2025\/04\/serjan-midili-TLN3xVy3WVM-unsplash-650x434.jpg 650w, https:\/\/car-clean-service.ch\/wp-content\/uploads\/2025\/04\/serjan-midili-TLN3xVy3WVM-unsplash.jpg 1920w\" sizes=\"(max-width: 1000px) 100vw, 1000px\" \/>\n\t\t\t\t\t\t<\/div>\n\t\t\t\t\t\n\t\t\t\t\t<div class=\"ui-e-title-wrp\"><h4 class=\"ui-e-title\">BREMSENPR\u00dcFUNG F\u00dcR IHR FAHRZEUG<\/h4><div class='ui-e-subtitle'> Vollst\u00e4ndige Inspektion des Bremssystems, um Ihre Sicherheit zu gew\u00e4hrleisten. <\/div><\/div>\n\t\t\t\t<\/div>\n\n\t\t\t\t<div class=\"ui-e-box-content\">\n\t\t\t\t\t\n\t\t\t\t\t<div class=\"ui-e-description\">\n\t\t\t\t\t\t\t\t\t\t\t<\/div>\n\n\t\t\t\t\t\n\t\t\t\t<\/div>\n\t\t\t<\/div>\n\t\t\t\t\t\t<\/div>\n\t\t\t\t<\/div>\n\t\t\t\t<div class=\"elementor-element elementor-element-aebd816 ui-e-align-left elementor-widget__width-inherit ui-e-align-tablet-left elementor-widget-mobile__width-inherit ui-e-animation-widget-translate singleServiceBox  ui-e-align-mobile-left ui-e-top elementor-widget elementor-widget-uicore-icon-box\" data-id=\"aebd816\" data-element_type=\"widget\" data-settings=\"{&quot;content_padding&quot;:{&quot;unit&quot;:&quot;px&quot;,&quot;top&quot;:&quot;30&quot;,&quot;right&quot;:&quot;30&quot;,&quot;bottom&quot;:&quot;30&quot;,&quot;left&quot;:&quot;30&quot;,&quot;isLinked&quot;:true},&quot;content_padding_tablet&quot;:{&quot;unit&quot;:&quot;px&quot;,&quot;top&quot;:&quot;32&quot;,&quot;right&quot;:&quot;32&quot;,&quot;bottom&quot;:&quot;32&quot;,&quot;left&quot;:&quot;32&quot;,&quot;isLinked&quot;:true},&quot;content_padding_mobile&quot;:{&quot;unit&quot;:&quot;px&quot;,&quot;top&quot;:&quot;25&quot;,&quot;right&quot;:&quot;25&quot;,&quot;bottom&quot;:&quot;25&quot;,&quot;left&quot;:&quot;25&quot;,&quot;isLinked&quot;:true},&quot;position&quot;:&quot;top&quot;}\" data-widget_type=\"uicore-icon-box.default\">\n\t\t\t\t<div class=\"elementor-widget-container\">\n\t\t\t\t\t\n\t\t\t<div class=\"ui-e-ico-box\" >\n\n\t\t\t\t\n\t\t\t\t<div class='ui-e-flex-wrp'>\n\n\t\t\t\t\t\t\t\t\t\t\t<div class=\"ui-e-icon-wrp\">\n\n\t\t\t\t\t\t\t<img loading=\"lazy\" decoding=\"async\" width=\"1000\" height=\"563\" src=\"https:\/\/car-clean-service.ch\/wp-content\/uploads\/2025\/04\/kate-ibragimova-bEGTsOCnHro-unsplash-1-1024x576.jpg\" class=\"attachment-large size-large\" alt=\"\" srcset=\"https:\/\/car-clean-service.ch\/wp-content\/uploads\/2025\/04\/kate-ibragimova-bEGTsOCnHro-unsplash-1-1024x576.jpg 1024w, https:\/\/car-clean-service.ch\/wp-content\/uploads\/2025\/04\/kate-ibragimova-bEGTsOCnHro-unsplash-1-300x169.jpg 300w, https:\/\/car-clean-service.ch\/wp-content\/uploads\/2025\/04\/kate-ibragimova-bEGTsOCnHro-unsplash-1-768x432.jpg 768w, https:\/\/car-clean-service.ch\/wp-content\/uploads\/2025\/04\/kate-ibragimova-bEGTsOCnHro-unsplash-1-1536x864.jpg 1536w, https:\/\/car-clean-service.ch\/wp-content\/uploads\/2025\/04\/kate-ibragimova-bEGTsOCnHro-unsplash-1-650x366.jpg 650w, https:\/\/car-clean-service.ch\/wp-content\/uploads\/2025\/04\/kate-ibragimova-bEGTsOCnHro-unsplash-1.jpg 1920w\" sizes=\"(max-width: 1000px) 100vw, 1000px\" \/>\n\t\t\t\t\t\t<\/div>\n\t\t\t\t\t\n\t\t\t\t\t<div class=\"ui-e-title-wrp\"><h4 class=\"ui-e-title\">\u00d6lwechsel und j\u00e4hrliche Wartung<\/h4><div class='ui-e-subtitle'> Motor\u00f6l, Filter, allgemeine Kontrolle: eine vollst\u00e4ndige Wartung, damit Sie beruhigt fahren k\u00f6nnen. <\/div><\/div>\n\t\t\t\t<\/div>\n\n\t\t\t\t<div class=\"ui-e-box-content\">\n\t\t\t\t\t\n\t\t\t\t\t<div class=\"ui-e-description\">\n\t\t\t\t\t\t\t\t\t\t\t<\/div>\n\n\t\t\t\t\t\n\t\t\t\t<\/div>\n\t\t\t<\/div>\n\t\t\t\t\t\t<\/div>\n\t\t\t\t<\/div>\n\t\t\t\t<div class=\"elementor-element elementor-element-dfc52dd ui-e-align-left elementor-widget__width-inherit ui-e-align-tablet-left elementor-widget-mobile__width-inherit ui-e-animation-widget-translate singleServiceBox  ui-e-align-mobile-left ui-e-top elementor-widget elementor-widget-uicore-icon-box\" data-id=\"dfc52dd\" data-element_type=\"widget\" data-settings=\"{&quot;content_padding&quot;:{&quot;unit&quot;:&quot;px&quot;,&quot;top&quot;:&quot;30&quot;,&quot;right&quot;:&quot;30&quot;,&quot;bottom&quot;:&quot;30&quot;,&quot;left&quot;:&quot;30&quot;,&quot;isLinked&quot;:true},&quot;content_padding_tablet&quot;:{&quot;unit&quot;:&quot;px&quot;,&quot;top&quot;:&quot;32&quot;,&quot;right&quot;:&quot;32&quot;,&quot;bottom&quot;:&quot;32&quot;,&quot;left&quot;:&quot;32&quot;,&quot;isLinked&quot;:true},&quot;content_padding_mobile&quot;:{&quot;unit&quot;:&quot;px&quot;,&quot;top&quot;:&quot;25&quot;,&quot;right&quot;:&quot;25&quot;,&quot;bottom&quot;:&quot;25&quot;,&quot;left&quot;:&quot;25&quot;,&quot;isLinked&quot;:true},&quot;position&quot;:&quot;top&quot;}\" data-widget_type=\"uicore-icon-box.default\">\n\t\t\t\t<div class=\"elementor-widget-container\">\n\t\t\t\t\t\n\t\t\t<div class=\"ui-e-ico-box\" >\n\n\t\t\t\t\n\t\t\t\t<div class='ui-e-flex-wrp'>\n\n\t\t\t\t\t\t\t\t\t\t\t<div class=\"ui-e-icon-wrp\">\n\n\t\t\t\t\t\t\t<img loading=\"lazy\" decoding=\"async\" width=\"1000\" height=\"563\" src=\"https:\/\/car-clean-service.ch\/wp-content\/uploads\/2025\/04\/kate-ibragimova-bEGTsOCnHro-unsplash-1-1024x576.jpg\" class=\"attachment-large size-large\" alt=\"\" srcset=\"https:\/\/car-clean-service.ch\/wp-content\/uploads\/2025\/04\/kate-ibragimova-bEGTsOCnHro-unsplash-1-1024x576.jpg 1024w, https:\/\/car-clean-service.ch\/wp-content\/uploads\/2025\/04\/kate-ibragimova-bEGTsOCnHro-unsplash-1-300x169.jpg 300w, https:\/\/car-clean-service.ch\/wp-content\/uploads\/2025\/04\/kate-ibragimova-bEGTsOCnHro-unsplash-1-768x432.jpg 768w, https:\/\/car-clean-service.ch\/wp-content\/uploads\/2025\/04\/kate-ibragimova-bEGTsOCnHro-unsplash-1-1536x864.jpg 1536w, https:\/\/car-clean-service.ch\/wp-content\/uploads\/2025\/04\/kate-ibragimova-bEGTsOCnHro-unsplash-1-650x366.jpg 650w, https:\/\/car-clean-service.ch\/wp-content\/uploads\/2025\/04\/kate-ibragimova-bEGTsOCnHro-unsplash-1.jpg 1920w\" sizes=\"(max-width: 1000px) 100vw, 1000px\" \/>\n\t\t\t\t\t\t<\/div>\n\t\t\t\t\t\n\t\t\t\t\t<div class=\"ui-e-title-wrp\"><h4 class=\"ui-e-title\">POLLENFILTER WECHSELN<\/h4><div class='ui-e-subtitle'> Ersetzen Sie den Pollenfilter, um f\u00fcr reine, allergenfreie Luft im Innenraum zu sorgen. <\/div><\/div>\n\t\t\t\t<\/div>\n\n\t\t\t\t<div class=\"ui-e-box-content\">\n\t\t\t\t\t\n\t\t\t\t\t<div class=\"ui-e-description\">\n\t\t\t\t\t\t\t\t\t\t\t<\/div>\n\n\t\t\t\t\t\n\t\t\t\t<\/div>\n\t\t\t<\/div>\n\t\t\t\t\t\t<\/div>\n\t\t\t\t<\/div>\n\t\t\t\t<div class=\"elementor-element elementor-element-5da7bb2 ui-e-align-left elementor-widget__width-inherit ui-e-align-tablet-left elementor-widget-mobile__width-inherit ui-e-animation-widget-translate singleServiceBox  ui-e-align-mobile-left ui-e-top elementor-widget elementor-widget-uicore-icon-box\" data-id=\"5da7bb2\" data-element_type=\"widget\" data-settings=\"{&quot;content_padding&quot;:{&quot;unit&quot;:&quot;px&quot;,&quot;top&quot;:&quot;30&quot;,&quot;right&quot;:&quot;30&quot;,&quot;bottom&quot;:&quot;30&quot;,&quot;left&quot;:&quot;30&quot;,&quot;isLinked&quot;:true},&quot;content_padding_tablet&quot;:{&quot;unit&quot;:&quot;px&quot;,&quot;top&quot;:&quot;32&quot;,&quot;right&quot;:&quot;32&quot;,&quot;bottom&quot;:&quot;32&quot;,&quot;left&quot;:&quot;32&quot;,&quot;isLinked&quot;:true},&quot;content_padding_mobile&quot;:{&quot;unit&quot;:&quot;px&quot;,&quot;top&quot;:&quot;25&quot;,&quot;right&quot;:&quot;25&quot;,&quot;bottom&quot;:&quot;25&quot;,&quot;left&quot;:&quot;25&quot;,&quot;isLinked&quot;:true},&quot;position&quot;:&quot;top&quot;}\" data-widget_type=\"uicore-icon-box.default\">\n\t\t\t\t<div class=\"elementor-widget-container\">\n\t\t\t\t\t\n\t\t\t<div class=\"ui-e-ico-box\" >\n\n\t\t\t\t\n\t\t\t\t<div class='ui-e-flex-wrp'>\n\n\t\t\t\t\t\t\t\t\t\t\t<div class=\"ui-e-icon-wrp\">\n\n\t\t\t\t\t\t\t<img loading=\"lazy\" decoding=\"async\" width=\"1000\" height=\"667\" src=\"https:\/\/car-clean-service.ch\/wp-content\/uploads\/2025\/04\/tim-mossholder-V37iTrYZz2E-unsplash-1024x683.jpg\" class=\"attachment-large size-large\" alt=\"\" srcset=\"https:\/\/car-clean-service.ch\/wp-content\/uploads\/2025\/04\/tim-mossholder-V37iTrYZz2E-unsplash-1024x683.jpg 1024w, https:\/\/car-clean-service.ch\/wp-content\/uploads\/2025\/04\/tim-mossholder-V37iTrYZz2E-unsplash-300x200.jpg 300w, https:\/\/car-clean-service.ch\/wp-content\/uploads\/2025\/04\/tim-mossholder-V37iTrYZz2E-unsplash-768x512.jpg 768w, https:\/\/car-clean-service.ch\/wp-content\/uploads\/2025\/04\/tim-mossholder-V37iTrYZz2E-unsplash-1536x1024.jpg 1536w, https:\/\/car-clean-service.ch\/wp-content\/uploads\/2025\/04\/tim-mossholder-V37iTrYZz2E-unsplash-650x433.jpg 650w, https:\/\/car-clean-service.ch\/wp-content\/uploads\/2025\/04\/tim-mossholder-V37iTrYZz2E-unsplash.jpg 1920w\" sizes=\"(max-width: 1000px) 100vw, 1000px\" \/>\n\t\t\t\t\t\t<\/div>\n\t\t\t\t\t\n\t\t\t\t\t<div class=\"ui-e-title-wrp\"><h4 class=\"ui-e-title\">MFK-BEREITSTELLUNG<\/h4><div class='ui-e-subtitle'> Vorbereitung f\u00fcr die Pr\u00fcfung sowie Vorf\u00fchrung des Fahrzeugs im Pr\u00fcfzentrum. <\/div><\/div>\n\t\t\t\t<\/div>\n\n\t\t\t\t<div class=\"ui-e-box-content\">\n\t\t\t\t\t\n\t\t\t\t\t<div class=\"ui-e-description\">\n\t\t\t\t\t\t\t\t\t\t\t<\/div>\n\n\t\t\t\t\t\n\t\t\t\t<\/div>\n\t\t\t<\/div>\n\t\t\t\t\t\t<\/div>\n\t\t\t\t<\/div>\n\t\t\t\t<div class=\"elementor-element elementor-element-19243e1 ui-e-align-left elementor-widget__width-inherit ui-e-align-tablet-left elementor-widget-mobile__width-inherit ui-e-animation-widget-translate singleServiceBox  ui-e-align-mobile-left ui-e-top elementor-widget elementor-widget-uicore-icon-box\" data-id=\"19243e1\" data-element_type=\"widget\" data-settings=\"{&quot;content_padding&quot;:{&quot;unit&quot;:&quot;px&quot;,&quot;top&quot;:&quot;30&quot;,&quot;right&quot;:&quot;30&quot;,&quot;bottom&quot;:&quot;30&quot;,&quot;left&quot;:&quot;30&quot;,&quot;isLinked&quot;:true},&quot;content_padding_tablet&quot;:{&quot;unit&quot;:&quot;px&quot;,&quot;top&quot;:&quot;32&quot;,&quot;right&quot;:&quot;32&quot;,&quot;bottom&quot;:&quot;32&quot;,&quot;left&quot;:&quot;32&quot;,&quot;isLinked&quot;:true},&quot;content_padding_mobile&quot;:{&quot;unit&quot;:&quot;px&quot;,&quot;top&quot;:&quot;25&quot;,&quot;right&quot;:&quot;25&quot;,&quot;bottom&quot;:&quot;25&quot;,&quot;left&quot;:&quot;25&quot;,&quot;isLinked&quot;:true},&quot;position&quot;:&quot;top&quot;}\" data-widget_type=\"uicore-icon-box.default\">\n\t\t\t\t<div class=\"elementor-widget-container\">\n\t\t\t\t\t\n\t\t\t<div class=\"ui-e-ico-box\" >\n\n\t\t\t\t\n\t\t\t\t<div class='ui-e-flex-wrp'>\n\n\t\t\t\t\t\t\t\t\t\t\t<div class=\"ui-e-icon-wrp\">\n\n\t\t\t\t\t\t\t<img loading=\"lazy\" decoding=\"async\" width=\"1000\" height=\"667\" src=\"https:\/\/car-clean-service.ch\/wp-content\/uploads\/2025\/04\/maxim-hopman-s4d_ESS0ylA-unsplash-1024x683.jpg\" class=\"attachment-large size-large\" alt=\"\" srcset=\"https:\/\/car-clean-service.ch\/wp-content\/uploads\/2025\/04\/maxim-hopman-s4d_ESS0ylA-unsplash-1024x683.jpg 1024w, https:\/\/car-clean-service.ch\/wp-content\/uploads\/2025\/04\/maxim-hopman-s4d_ESS0ylA-unsplash-300x200.jpg 300w, https:\/\/car-clean-service.ch\/wp-content\/uploads\/2025\/04\/maxim-hopman-s4d_ESS0ylA-unsplash-768x512.jpg 768w, https:\/\/car-clean-service.ch\/wp-content\/uploads\/2025\/04\/maxim-hopman-s4d_ESS0ylA-unsplash-1536x1024.jpg 1536w, https:\/\/car-clean-service.ch\/wp-content\/uploads\/2025\/04\/maxim-hopman-s4d_ESS0ylA-unsplash-650x433.jpg 650w, https:\/\/car-clean-service.ch\/wp-content\/uploads\/2025\/04\/maxim-hopman-s4d_ESS0ylA-unsplash.jpg 1920w\" sizes=\"(max-width: 1000px) 100vw, 1000px\" \/>\n\t\t\t\t\t\t<\/div>\n\t\t\t\t\t\n\t\t\t\t\t<div class=\"ui-e-title-wrp\"><h4 class=\"ui-e-title\">Kleinere mechanische Reparaturen<\/h4><div class='ui-e-subtitle'> Wir f\u00fchren einfache mechanische Arbeiten schnell und zuverl\u00e4ssig durch, damit Sie sicher weiterfahren k\u00f6nnen. <\/div><\/div>\n\t\t\t\t<\/div>\n\n\t\t\t\t<div class=\"ui-e-box-content\">\n\t\t\t\t\t\n\t\t\t\t\t<div class=\"ui-e-description\">\n\t\t\t\t\t\t\t\t\t\t\t<\/div>\n\n\t\t\t\t\t\n\t\t\t\t<\/div>\n\t\t\t<\/div>\n\t\t\t\t\t\t<\/div>\n\t\t\t\t<\/div>\n\t\t\t\t<\/div>\n\t\t\t\t<\/div>\n\t\t\t\t\t<\/div>\n\t\t\t\t<\/div>\n\t\t\t\t<\/div>\n\t\t","protected":false},"excerpt":{"rendered":"<p>kleine Mechanik unsere Dienstleistungen Kontaktieren Sie uns Informationen zu unseren Preisen Die Preise f\u00fcr unsere Dienstleistungen sind nicht pauschal festgelegt. Sie richten [&hellip;]<\/p>\n","protected":false},"author":1,"featured_media":0,"parent":0,"menu_order":0,"comment_status":"closed","ping_status":"closed","template":"","meta":{"_acf_changed":false,"footnotes":""},"class_list":["post-1950","page","type-page","status-publish","hentry"],"acf":[],"_links":{"self":[{"href":"https:\/\/car-clean-service.ch\/de\/wp-json\/wp\/v2\/pages\/1950","targetHints":{"allow":["GET"]}}],"collection":[{"href":"https:\/\/car-clean-service.ch\/de\/wp-json\/wp\/v2\/pages"}],"about":[{"href":"https:\/\/car-clean-service.ch\/de\/wp-json\/wp\/v2\/types\/page"}],"author":[{"embeddable":true,"href":"https:\/\/car-clean-service.ch\/de\/wp-json\/wp\/v2\/users\/1"}],"replies":[{"embeddable":true,"href":"https:\/\/car-clean-service.ch\/de\/wp-json\/wp\/v2\/comments?post=1950"}],"version-history":[{"count":31,"href":"https:\/\/car-clean-service.ch\/de\/wp-json\/wp\/v2\/pages\/1950\/revisions"}],"predecessor-version":[{"id":2432,"href":"https:\/\/car-clean-service.ch\/de\/wp-json\/wp\/v2\/pages\/1950\/revisions\/2432"}],"wp:attachment":[{"href":"https:\/\/car-clean-service.ch\/de\/wp-json\/wp\/v2\/media?parent=1950"}],"curies":[{"name":"wp","href":"https:\/\/api.w.org\/{rel}","templated":true}]}}